{"id":1162,"date":"2015-12-29T13:33:32","date_gmt":"2015-12-29T18:33:32","guid":{"rendered":"https:\/\/www.gilroyendo.com\/?page_id=1162"},"modified":"2020-11-05T12:46:53","modified_gmt":"2020-11-05T17:46:53","slug":"cone-beam","status":"publish","type":"page","link":"https:\/\/www.gilroyendo.com\/es\/technology\/cone-beam\/","title":{"rendered":"Haz c\u00f3nico"},"content":{"rendered":"<div id=\"cs-content\" class=\"cs-content\"><\/div>","protected":false},"excerpt":{"rendered":"<p>INICIOEsc\u00e1ner de haz c\u00f3nicoLa tecnolog\u00eda Cone Beam proporciona una vista tomogr\u00e1fica digital en 3D del \u00e1rea de inter\u00e9s del paciente. Una radiograf\u00eda tradicional es solo bidimensional. Con los sistemas Cone Beam, el m\u00e9dico puede obtener una vista completa \u2026 <\/p>\n<div><a href=\"https:\/\/www.gilroyendo.com\/es\/technology\/cone-beam\/\" class=\"more-link\">Lee mas<\/a><\/div>","protected":false},"author":19,"featured_media":0,"parent":86,"menu_order":0,"comment_status":"closed","ping_status":"closed","template":"template-blank-4.php","meta":{"footnotes":""},"class_list":["post-1162","page","type-page","status-publish","hentry","no-post-thumbnail"],"yoast_head":"<!-- This site is optimized with the Yoast SEO plugin v25.6 - https:\/\/yoast.com\/wordpress\/plugins\/seo\/ -->\n<title>Cone Beam | Dental Technology<\/title>\n<meta name=\"description\" content=\"Cone beam technology gives the doctor a full 360 degree view of a patient&#039;s teeth. Cone beam scanning is fast, simple, and painless.\" \/>\n<meta name=\"robots\" content=\"index, follow, max-snippet:-1, max-image-preview:large, max-video-preview:-1\" \/>\n<link rel=\"canonical\" href=\"https:\/\/www.gilroyendo.com\/es\/technology\/cone-beam\/\" \/>\n<meta property=\"og:locale\" content=\"es_MX\" \/>\n<meta property=\"og:type\" content=\"article\" \/>\n<meta property=\"og:title\" content=\"Cone Beam | Dental Technology\" \/>\n<meta property=\"og:description\" content=\"Cone beam technology gives the doctor a full 360 degree view of a patient&#039;s teeth. Cone beam scanning is fast, simple, and painless.\" \/>\n<meta property=\"og:url\" content=\"https:\/\/www.gilroyendo.com\/es\/technology\/cone-beam\/\" \/>\n<meta property=\"og:site_name\" content=\"Gilroy Endodontics\" \/>\n<meta property=\"article:modified_time\" content=\"2020-11-05T17:46:53+00:00\" \/>\n<meta property=\"og:image\" content=\"https:\/\/www.gilroyendo.com\/wp-content\/uploads\/cbct-machine-image.jpg\" \/>\n<meta name=\"twitter:card\" content=\"summary_large_image\" \/>\n<meta name=\"twitter:label1\" content=\"Tiempo de lectura\" \/>\n\t<meta name=\"twitter:data1\" content=\"3 minutos\" \/>\n<script type=\"application\/ld+json\" class=\"yoast-schema-graph\">{\"@context\":\"https:\/\/schema.org\",\"@graph\":[{\"@type\":\"WebPage\",\"@id\":\"https:\/\/www.gilroyendo.com\/technology\/cone-beam\/\",\"url\":\"https:\/\/www.gilroyendo.com\/technology\/cone-beam\/\",\"name\":\"Cone Beam | Dental Technology\",\"isPartOf\":{\"@id\":\"https:\/\/www.gilroyendo.com\/#website\"},\"primaryImageOfPage\":{\"@id\":\"https:\/\/www.gilroyendo.com\/technology\/cone-beam\/#primaryimage\"},\"image\":{\"@id\":\"https:\/\/www.gilroyendo.com\/technology\/cone-beam\/#primaryimage\"},\"thumbnailUrl\":\"https:\/\/www.gilroyendo.com\/wp-content\/uploads\/cbct-machine-image.jpg\",\"datePublished\":\"2015-12-29T18:33:32+00:00\",\"dateModified\":\"2020-11-05T17:46:53+00:00\",\"description\":\"Cone beam technology gives the doctor a full 360 degree view of a patient's teeth. Cone beam scanning is fast, simple, and painless.\",\"breadcrumb\":{\"@id\":\"https:\/\/www.gilroyendo.com\/technology\/cone-beam\/#breadcrumb\"},\"inLanguage\":\"es\",\"potentialAction\":[{\"@type\":\"ReadAction\",\"target\":[\"https:\/\/www.gilroyendo.com\/technology\/cone-beam\/\"]}]},{\"@type\":\"ImageObject\",\"inLanguage\":\"es\",\"@id\":\"https:\/\/www.gilroyendo.com\/technology\/cone-beam\/#primaryimage\",\"url\":\"https:\/\/www.gilroyendo.com\/wp-content\/uploads\/cbct-machine-image.jpg\",\"contentUrl\":\"https:\/\/www.gilroyendo.com\/wp-content\/uploads\/cbct-machine-image.jpg\"},{\"@type\":\"BreadcrumbList\",\"@id\":\"https:\/\/www.gilroyendo.com\/technology\/cone-beam\/#breadcrumb\",\"itemListElement\":[{\"@type\":\"ListItem\",\"position\":1,\"name\":\"Home\",\"item\":\"https:\/\/www.gilroyendo.com\/\"},{\"@type\":\"ListItem\",\"position\":2,\"name\":\"Technology\",\"item\":\"https:\/\/www.gilroyendo.com\/technology\/\"},{\"@type\":\"ListItem\",\"position\":3,\"name\":\"Cone Beam\"}]},{\"@type\":\"WebSite\",\"@id\":\"https:\/\/www.gilroyendo.com\/#website\",\"url\":\"https:\/\/www.gilroyendo.com\/\",\"name\":\"Gilroy Endodontics\",\"description\":\"\",\"potentialAction\":[{\"@type\":\"SearchAction\",\"target\":{\"@type\":\"EntryPoint\",\"urlTemplate\":\"https:\/\/www.gilroyendo.com\/?s={search_term_string}\"},\"query-input\":{\"@type\":\"PropertyValueSpecification\",\"valueRequired\":true,\"valueName\":\"search_term_string\"}}],\"inLanguage\":\"es\"}]}<\/script>\n<!-- \/ Yoast SEO plugin. -->","yoast_head_json":{"title":"Cone Beam | Dental Technology","description":"Cone beam technology gives the doctor a full 360 degree view of a patient's teeth. Cone beam scanning is fast, simple, and painless.","robots":{"index":"index","follow":"follow","max-snippet":"max-snippet:-1","max-image-preview":"max-image-preview:large","max-video-preview":"max-video-preview:-1"},"canonical":"https:\/\/www.gilroyendo.com\/es\/technology\/cone-beam\/","og_locale":"es_MX","og_type":"article","og_title":"Cone Beam | Dental Technology","og_description":"Cone beam technology gives the doctor a full 360 degree view of a patient's teeth. Cone beam scanning is fast, simple, and painless.","og_url":"https:\/\/www.gilroyendo.com\/es\/technology\/cone-beam\/","og_site_name":"Gilroy Endodontics","article_modified_time":"2020-11-05T17:46:53+00:00","og_image":[{"url":"https:\/\/www.gilroyendo.com\/wp-content\/uploads\/cbct-machine-image.jpg","type":"","width":"","height":""}],"twitter_card":"summary_large_image","twitter_misc":{"Tiempo de lectura":"3 minutos"},"schema":{"@context":"https:\/\/schema.org","@graph":[{"@type":"WebPage","@id":"https:\/\/www.gilroyendo.com\/technology\/cone-beam\/","url":"https:\/\/www.gilroyendo.com\/technology\/cone-beam\/","name":"Cone Beam | Dental Technology","isPartOf":{"@id":"https:\/\/www.gilroyendo.com\/#website"},"primaryImageOfPage":{"@id":"https:\/\/www.gilroyendo.com\/technology\/cone-beam\/#primaryimage"},"image":{"@id":"https:\/\/www.gilroyendo.com\/technology\/cone-beam\/#primaryimage"},"thumbnailUrl":"https:\/\/www.gilroyendo.com\/wp-content\/uploads\/cbct-machine-image.jpg","datePublished":"2015-12-29T18:33:32+00:00","dateModified":"2020-11-05T17:46:53+00:00","description":"Cone beam technology gives the doctor a full 360 degree view of a patient's teeth. Cone beam scanning is fast, simple, and painless.","breadcrumb":{"@id":"https:\/\/www.gilroyendo.com\/technology\/cone-beam\/#breadcrumb"},"inLanguage":"es","potentialAction":[{"@type":"ReadAction","target":["https:\/\/www.gilroyendo.com\/technology\/cone-beam\/"]}]},{"@type":"ImageObject","inLanguage":"es","@id":"https:\/\/www.gilroyendo.com\/technology\/cone-beam\/#primaryimage","url":"https:\/\/www.gilroyendo.com\/wp-content\/uploads\/cbct-machine-image.jpg","contentUrl":"https:\/\/www.gilroyendo.com\/wp-content\/uploads\/cbct-machine-image.jpg"},{"@type":"BreadcrumbList","@id":"https:\/\/www.gilroyendo.com\/technology\/cone-beam\/#breadcrumb","itemListElement":[{"@type":"ListItem","position":1,"name":"Home","item":"https:\/\/www.gilroyendo.com\/"},{"@type":"ListItem","position":2,"name":"Technology","item":"https:\/\/www.gilroyendo.com\/technology\/"},{"@type":"ListItem","position":3,"name":"Cone Beam"}]},{"@type":"WebSite","@id":"https:\/\/www.gilroyendo.com\/#website","url":"https:\/\/www.gilroyendo.com\/","name":"Endodoncia Gilroy","description":"","potentialAction":[{"@type":"SearchAction","target":{"@type":"EntryPoint","urlTemplate":"https:\/\/www.gilroyendo.com\/?s={search_term_string}"},"query-input":{"@type":"PropertyValueSpecification","valueRequired":true,"valueName":"search_term_string"}}],"inLanguage":"es"}]}},"_links":{"self":[{"href":"https:\/\/www.gilroyendo.com\/es\/wp-json\/wp\/v2\/pages\/1162","targetHints":{"allow":["GET"]}}],"collection":[{"href":"https:\/\/www.gilroyendo.com\/es\/wp-json\/wp\/v2\/pages"}],"about":[{"href":"https:\/\/www.gilroyendo.com\/es\/wp-json\/wp\/v2\/types\/page"}],"author":[{"embeddable":true,"href":"https:\/\/www.gilroyendo.com\/es\/wp-json\/wp\/v2\/users\/19"}],"replies":[{"embeddable":true,"href":"https:\/\/www.gilroyendo.com\/es\/wp-json\/wp\/v2\/comments?post=1162"}],"version-history":[{"count":2,"href":"https:\/\/www.gilroyendo.com\/es\/wp-json\/wp\/v2\/pages\/1162\/revisions"}],"predecessor-version":[{"id":7598,"href":"https:\/\/www.gilroyendo.com\/es\/wp-json\/wp\/v2\/pages\/1162\/revisions\/7598"}],"up":[{"embeddable":true,"href":"https:\/\/www.gilroyendo.com\/es\/wp-json\/wp\/v2\/pages\/86"}],"wp:attachment":[{"href":"https:\/\/www.gilroyendo.com\/es\/wp-json\/wp\/v2\/media?parent=1162"}],"curies":[{"name":"wp","href":"https:\/\/api.w.org\/{rel}","templated":true}]}}