{"id":1392,"date":"2016-02-29T10:56:53","date_gmt":"2016-02-29T15:56:53","guid":{"rendered":"https:\/\/www.gilroyendo.com\/?page_id=1392"},"modified":"2026-03-04T14:07:09","modified_gmt":"2026-03-04T19:07:09","slug":"abbas-raissi-dds","status":"publish","type":"page","link":"https:\/\/www.gilroyendo.com\/es\/abbas-raissi-dds\/","title":{"rendered":"Abbas Raissi, DDS"},"content":{"rendered":"<div id=\"cs-content\" class=\"cs-content\"><div class=\"x-section e1392-e1 m12o-0 df-app-btn\"><div class=\"x-container marginless-columns e1392-e2 m12o-1\"><div class=\"x-column x-sm x-1-1 e1392-e3 m12o-2\"><div class=\"cs-content x-global-block x-global-block-5877 e1392-e4\"><div class=\"x-section e5877-e1 m4j9-0 df-app-btn\"><div class=\"x-container e5877-e2 m4j9-1\"><div class=\"x-column x-sm x-1-1 e5877-e3 m4j9-2\"><a  class=\"x-btn x-btn-flat x-btn-square x-btn-global x-btn-block\"  href=\"\/es\/\"     data-options=\"thumbnail: ''\"><i  class=\"x-icon mvn mln mrs x-icon-chevron-left\" data-x-icon-s=\"&#xf053;\" aria-hidden=\"true\"><\/i>CASA<\/a><\/div><\/div><\/div><\/div><\/div><\/div><\/div><div id=\"x-section-1\" class=\"x-section\" style=\"margin: 0px;padding: 30px 0px 0px; background-color: transparent;\" ><div id=\"\" class=\"x-container max width\" style=\"margin: 0px auto;padding: 0px;\" ><div  class=\"x-column x-sm x-1-1\" style=\"padding: 0px;\" ><h1  class=\"h-custom-headline cs-ta-center man h3\" ><span>Abbas Raissi, DDS<\/span><\/h1><hr  class=\"x-gap\" style=\"margin: 30px 0 0 0;\"><\/div><\/div><\/div><div id=\"x-section-2\" class=\"x-section\" style=\"margin: 0px;padding: 0px 0px 30px; background-color: transparent;\" ><div id=\"\" class=\"x-container max width\" style=\"margin: 0px auto;padding: 0px;\" ><div  class=\"x-column x-sm x-1-3\" style=\"padding: 0px;\" ><img decoding=\"async\"  class=\"x-img aligncenter x-img-none\"  src=\"https:\/\/www.gilroyendo.com\/wp-content\/uploads\/abbas-raissi-dds-photo.jpg\" alt=\"Doctor\"><hr  class=\"x-gap\" style=\"margin: 30px 0 0 0;\"><\/div><div  class=\"x-column x-sm x-2-3\" style=\"padding: 0px;\" ><div id=\"\" class=\"x-text\" style=\"\" ><p>El Dr. Raissi asisti\u00f3 a la Universidad de Minnesota, donde estudi\u00f3 Ciencias Biol\u00f3gicas. En 1995, recibi\u00f3 su t\u00edtulo de DDS de la Facultad de Odontolog\u00eda de la Universidad de Marquette en Milwaukee, WI. En 1996, complet\u00f3 un programa AEGD en la Cl\u00ednica de Salud Isaac Coggs en Milwaukee, WI. En 1997, complet\u00f3 un programa de GPR en St. Luke&#039;s Medical Center en Milwaukee, WI. Practic\u00f3 odontolog\u00eda general durante 6 a\u00f1os y luego asisti\u00f3 a la Facultad de Odontolog\u00eda de la Universidad del Sur de California, Departamento de Endodoncia de Postgrado, donde recibi\u00f3 su certificado de Especialidad en Endodoncia.<\/p>\n<p><span style=\"font-weight: 400;\">Con m\u00e1s de dos d\u00e9cadas de experiencia en endodoncia, el Dr. Raissi se centra exclusivamente en el diagn\u00f3stico y tratamiento de afecciones que afectan el interior del diente, incluyendo endodoncias, retratamientos endod\u00f3nticos y casos complejos que requieren formaci\u00f3n especializada avanzada. Su formaci\u00f3n en odontolog\u00eda general y endodoncia le permite abordar cada caso con un conocimiento integral de la salud bucal.<\/span><\/p>\n<p>El Dr. Raissi es miembro de la Asociaci\u00f3n Dental Americana, la Asociaci\u00f3n Americana de Endodoncistas, la Asociaci\u00f3n Dental de California y la Sociedad Dental del Condado de Santa Clara. El Dr. Raissi tambi\u00e9n es miembro de la C\u00e1mara de Comercio de Gilroy y del cap\u00edtulo local de Rotary International y ha recibido en m\u00faltiples ocasiones el premio Paul Harris.<\/p>\n<p>Fuera del trabajo, el Dr. Raissi disfruta pasar tiempo con sus gemelos.<\/p>\n<\/div><hr  class=\"x-gap\" style=\"margin: 30px 0 0 0;\"><\/div><\/div><div id=\"\" class=\"x-container max width\" style=\"margin: 0px auto;padding: 0px;\" ><div  class=\"x-column x-sm x-1-1\" style=\"padding: 0px;\" ><img decoding=\"async\"  class=\"x-img aligncenter x-img-none\"  src=\"https:\/\/www.gilroyendo.com\/wp-content\/uploads\/logo-affiliations.jpg\" alt=\"Doctor\"><\/div><\/div><\/div><div class=\"x-section e1392-e21 m12o-0 df-app-btn\"><div class=\"x-container marginless-columns e1392-e22 m12o-1\"><div class=\"x-column x-sm x-1-1 e1392-e23 m12o-2\"><div class=\"cs-content x-global-block x-global-block-5878 e1392-e24\"><div class=\"x-section e5878-e1 m4ja-0 df-app-btn\"><div class=\"x-container e5878-e2 m4ja-1\"><div class=\"x-column x-sm x-1-1 e5878-e3 m4ja-2\"><a  class=\"x-btn x-btn-flat x-btn-square x-btn-global x-btn-block\"  href=\"\/es\/\"     data-options=\"thumbnail: ''\"><i  class=\"x-icon mvn mln mrs x-icon-home\" data-x-icon-s=\"&#xf015;\" aria-hidden=\"true\"><\/i>CASA<\/a><\/div><\/div><\/div><\/div><\/div><\/div><\/div><\/div>","protected":false},"excerpt":{"rendered":"<p>INICIOAbbas Raissi, DDSDr. Raissi asisti\u00f3 a la Universidad de Minnesota, donde estudi\u00f3 Ciencias Biol\u00f3gicas. En 1995, recibi\u00f3 su t\u00edtulo de DDS de la Facultad de Odontolog\u00eda de la Universidad de Marquette en Milwaukee, Wisconsin. En 1996, complet\u00f3 un \u2026 <\/p>\n<div><a href=\"https:\/\/www.gilroyendo.com\/es\/abbas-raissi-dds\/\" class=\"more-link\">Lee mas<\/a><\/div>","protected":false},"author":19,"featured_media":0,"parent":0,"menu_order":0,"comment_status":"closed","ping_status":"closed","template":"template-blank-4.php","meta":{"footnotes":""},"class_list":["post-1392","page","type-page","status-publish","hentry","no-post-thumbnail"],"yoast_head":"<!-- This site is optimized with the Yoast SEO plugin v25.6 - https:\/\/yoast.com\/wordpress\/plugins\/seo\/ -->\n<title>Abbas Raissi, DDS<\/title>\n<meta name=\"description\" content=\"Dr. Raissi attended the University of Minnesota where he studied Biological Sciences. In 1995, he received his DDS degree from Marquette University\u2019s School of Dentistry in Milwaukee, WI.\" \/>\n<meta name=\"robots\" content=\"index, follow, max-snippet:-1, max-image-preview:large, max-video-preview:-1\" \/>\n<link rel=\"canonical\" href=\"https:\/\/www.gilroyendo.com\/es\/abbas-raissi-dds\/\" \/>\n<meta property=\"og:locale\" content=\"es_MX\" \/>\n<meta property=\"og:type\" content=\"article\" \/>\n<meta property=\"og:title\" content=\"Abbas Raissi, DDS\" \/>\n<meta property=\"og:description\" content=\"Dr. Raissi attended the University of Minnesota where he studied Biological Sciences. In 1995, he received his DDS degree from Marquette University\u2019s School of Dentistry in Milwaukee, WI.\" \/>\n<meta property=\"og:url\" content=\"https:\/\/www.gilroyendo.com\/es\/abbas-raissi-dds\/\" \/>\n<meta property=\"og:site_name\" content=\"Gilroy Endodontics\" \/>\n<meta property=\"article:modified_time\" content=\"2026-03-04T19:07:09+00:00\" \/>\n<meta name=\"twitter:card\" content=\"summary_large_image\" \/>\n<meta name=\"twitter:label1\" content=\"Tiempo de lectura\" \/>\n\t<meta name=\"twitter:data1\" content=\"3 minutos\" \/>\n<script type=\"application\/ld+json\" class=\"yoast-schema-graph\">{\"@context\":\"https:\/\/schema.org\",\"@graph\":[{\"@type\":\"WebPage\",\"@id\":\"https:\/\/www.gilroyendo.com\/abbas-raissi-dds\/\",\"url\":\"https:\/\/www.gilroyendo.com\/abbas-raissi-dds\/\",\"name\":\"Abbas Raissi, DDS\",\"isPartOf\":{\"@id\":\"https:\/\/www.gilroyendo.com\/#website\"},\"datePublished\":\"2016-02-29T15:56:53+00:00\",\"dateModified\":\"2026-03-04T19:07:09+00:00\",\"description\":\"Dr. Raissi attended the University of Minnesota where he studied Biological Sciences. In 1995, he received his DDS degree from Marquette University\u2019s School of Dentistry in Milwaukee, WI.\",\"breadcrumb\":{\"@id\":\"https:\/\/www.gilroyendo.com\/abbas-raissi-dds\/#breadcrumb\"},\"inLanguage\":\"es\",\"potentialAction\":[{\"@type\":\"ReadAction\",\"target\":[\"https:\/\/www.gilroyendo.com\/abbas-raissi-dds\/\"]}]},{\"@type\":\"BreadcrumbList\",\"@id\":\"https:\/\/www.gilroyendo.com\/abbas-raissi-dds\/#breadcrumb\",\"itemListElement\":[{\"@type\":\"ListItem\",\"position\":1,\"name\":\"Home\",\"item\":\"https:\/\/www.gilroyendo.com\/\"},{\"@type\":\"ListItem\",\"position\":2,\"name\":\"Abbas Raissi, DDS\"}]},{\"@type\":\"WebSite\",\"@id\":\"https:\/\/www.gilroyendo.com\/#website\",\"url\":\"https:\/\/www.gilroyendo.com\/\",\"name\":\"Gilroy Endodontics\",\"description\":\"\",\"potentialAction\":[{\"@type\":\"SearchAction\",\"target\":{\"@type\":\"EntryPoint\",\"urlTemplate\":\"https:\/\/www.gilroyendo.com\/?s={search_term_string}\"},\"query-input\":{\"@type\":\"PropertyValueSpecification\",\"valueRequired\":true,\"valueName\":\"search_term_string\"}}],\"inLanguage\":\"es\"}]}<\/script>\n<!-- \/ Yoast SEO plugin. -->","yoast_head_json":{"title":"Abbas Raissi, DDS","description":"Dr. Raissi attended the University of Minnesota where he studied Biological Sciences. In 1995, he received his DDS degree from Marquette University\u2019s School of Dentistry in Milwaukee, WI.","robots":{"index":"index","follow":"follow","max-snippet":"max-snippet:-1","max-image-preview":"max-image-preview:large","max-video-preview":"max-video-preview:-1"},"canonical":"https:\/\/www.gilroyendo.com\/es\/abbas-raissi-dds\/","og_locale":"es_MX","og_type":"article","og_title":"Abbas Raissi, DDS","og_description":"Dr. Raissi attended the University of Minnesota where he studied Biological Sciences. In 1995, he received his DDS degree from Marquette University\u2019s School of Dentistry in Milwaukee, WI.","og_url":"https:\/\/www.gilroyendo.com\/es\/abbas-raissi-dds\/","og_site_name":"Gilroy Endodontics","article_modified_time":"2026-03-04T19:07:09+00:00","twitter_card":"summary_large_image","twitter_misc":{"Tiempo de lectura":"3 minutos"},"schema":{"@context":"https:\/\/schema.org","@graph":[{"@type":"WebPage","@id":"https:\/\/www.gilroyendo.com\/abbas-raissi-dds\/","url":"https:\/\/www.gilroyendo.com\/abbas-raissi-dds\/","name":"Abbas Raissi, DDS","isPartOf":{"@id":"https:\/\/www.gilroyendo.com\/#website"},"datePublished":"2016-02-29T15:56:53+00:00","dateModified":"2026-03-04T19:07:09+00:00","description":"Dr. Raissi attended the University of Minnesota where he studied Biological Sciences. In 1995, he received his DDS degree from Marquette University\u2019s School of Dentistry in Milwaukee, WI.","breadcrumb":{"@id":"https:\/\/www.gilroyendo.com\/abbas-raissi-dds\/#breadcrumb"},"inLanguage":"es","potentialAction":[{"@type":"ReadAction","target":["https:\/\/www.gilroyendo.com\/abbas-raissi-dds\/"]}]},{"@type":"BreadcrumbList","@id":"https:\/\/www.gilroyendo.com\/abbas-raissi-dds\/#breadcrumb","itemListElement":[{"@type":"ListItem","position":1,"name":"Home","item":"https:\/\/www.gilroyendo.com\/"},{"@type":"ListItem","position":2,"name":"Abbas Raissi, DDS"}]},{"@type":"WebSite","@id":"https:\/\/www.gilroyendo.com\/#website","url":"https:\/\/www.gilroyendo.com\/","name":"Endodoncia Gilroy","description":"","potentialAction":[{"@type":"SearchAction","target":{"@type":"EntryPoint","urlTemplate":"https:\/\/www.gilroyendo.com\/?s={search_term_string}"},"query-input":{"@type":"PropertyValueSpecification","valueRequired":true,"valueName":"search_term_string"}}],"inLanguage":"es"}]}},"_links":{"self":[{"href":"https:\/\/www.gilroyendo.com\/es\/wp-json\/wp\/v2\/pages\/1392","targetHints":{"allow":["GET"]}}],"collection":[{"href":"https:\/\/www.gilroyendo.com\/es\/wp-json\/wp\/v2\/pages"}],"about":[{"href":"https:\/\/www.gilroyendo.com\/es\/wp-json\/wp\/v2\/types\/page"}],"author":[{"embeddable":true,"href":"https:\/\/www.gilroyendo.com\/es\/wp-json\/wp\/v2\/users\/19"}],"replies":[{"embeddable":true,"href":"https:\/\/www.gilroyendo.com\/es\/wp-json\/wp\/v2\/comments?post=1392"}],"version-history":[{"count":3,"href":"https:\/\/www.gilroyendo.com\/es\/wp-json\/wp\/v2\/pages\/1392\/revisions"}],"predecessor-version":[{"id":7954,"href":"https:\/\/www.gilroyendo.com\/es\/wp-json\/wp\/v2\/pages\/1392\/revisions\/7954"}],"wp:attachment":[{"href":"https:\/\/www.gilroyendo.com\/es\/wp-json\/wp\/v2\/media?parent=1392"}],"curies":[{"name":"wp","href":"https:\/\/api.w.org\/{rel}","templated":true}]}}