{"id":3159,"date":"2017-05-17T21:06:30","date_gmt":"2017-05-18T01:06:30","guid":{"rendered":"https:\/\/www.gilroyendo.com\/?page_id=3159"},"modified":"2018-07-03T11:46:22","modified_gmt":"2018-07-03T15:46:22","slug":"accessibility","status":"publish","type":"page","link":"https:\/\/www.gilroyendo.com\/es\/accessibility\/","title":{"rendered":"Accesibilidad"},"content":{"rendered":"<div id=\"cs-content\" class=\"cs-content\"><\/div>","protected":false},"excerpt":{"rendered":"<p>INICIO Nuestro compromiso con la accesibilidad Nos comprometemos a garantizar la accesibilidad digital para todos los usuarios, incluidas las personas con discapacidad. Mejoramos continuamente la experiencia del usuario y aplicamos las normas de accesibilidad pertinentes a nuestro sitio web. \u2026 <\/p>\n<div><a href=\"https:\/\/www.gilroyendo.com\/es\/accessibility\/\" class=\"more-link\">Lee mas<\/a><\/div>","protected":false},"author":19,"featured_media":0,"parent":0,"menu_order":0,"comment_status":"closed","ping_status":"closed","template":"template-blank-4.php","meta":{"footnotes":""},"class_list":["post-3159","page","type-page","status-publish","hentry","no-post-thumbnail"],"yoast_head":"<!-- This site is optimized with the Yoast SEO plugin v25.6 - https:\/\/yoast.com\/wordpress\/plugins\/seo\/ -->\n<title>Accessibility Statement<\/title>\n<meta name=\"description\" content=\"We are working to improve the accessibility of the content on our website. Below, you\u2019ll find some recommendations to help make your browsing experience more accessible.\" \/>\n<meta name=\"robots\" content=\"index, follow, max-snippet:-1, max-image-preview:large, max-video-preview:-1\" \/>\n<link rel=\"canonical\" href=\"https:\/\/www.gilroyendo.com\/es\/accessibility\/\" \/>\n<meta property=\"og:locale\" content=\"es_MX\" \/>\n<meta property=\"og:type\" content=\"article\" \/>\n<meta property=\"og:title\" content=\"Accessibility Statement\" \/>\n<meta property=\"og:description\" content=\"We are working to improve the accessibility of the content on our website. Below, you\u2019ll find some recommendations to help make your browsing experience more accessible.\" \/>\n<meta property=\"og:url\" content=\"https:\/\/www.gilroyendo.com\/es\/accessibility\/\" \/>\n<meta property=\"og:site_name\" content=\"Gilroy Endodontics\" \/>\n<meta property=\"article:modified_time\" content=\"2018-07-03T15:46:22+00:00\" \/>\n<meta name=\"twitter:card\" content=\"summary_large_image\" \/>\n<meta name=\"twitter:label1\" content=\"Tiempo de lectura\" \/>\n\t<meta name=\"twitter:data1\" content=\"1 minuto\" \/>\n<script type=\"application\/ld+json\" class=\"yoast-schema-graph\">{\"@context\":\"https:\/\/schema.org\",\"@graph\":[{\"@type\":\"WebPage\",\"@id\":\"https:\/\/www.gilroyendo.com\/accessibility\/\",\"url\":\"https:\/\/www.gilroyendo.com\/accessibility\/\",\"name\":\"Accessibility Statement\",\"isPartOf\":{\"@id\":\"https:\/\/www.gilroyendo.com\/#website\"},\"datePublished\":\"2017-05-18T01:06:30+00:00\",\"dateModified\":\"2018-07-03T15:46:22+00:00\",\"description\":\"We are working to improve the accessibility of the content on our website. Below, you\u2019ll find some recommendations to help make your browsing experience more accessible.\",\"breadcrumb\":{\"@id\":\"https:\/\/www.gilroyendo.com\/accessibility\/#breadcrumb\"},\"inLanguage\":\"es\",\"potentialAction\":[{\"@type\":\"ReadAction\",\"target\":[\"https:\/\/www.gilroyendo.com\/accessibility\/\"]}]},{\"@type\":\"BreadcrumbList\",\"@id\":\"https:\/\/www.gilroyendo.com\/accessibility\/#breadcrumb\",\"itemListElement\":[{\"@type\":\"ListItem\",\"position\":1,\"name\":\"Home\",\"item\":\"https:\/\/www.gilroyendo.com\/\"},{\"@type\":\"ListItem\",\"position\":2,\"name\":\"Accessibility\"}]},{\"@type\":\"WebSite\",\"@id\":\"https:\/\/www.gilroyendo.com\/#website\",\"url\":\"https:\/\/www.gilroyendo.com\/\",\"name\":\"Gilroy Endodontics\",\"description\":\"\",\"potentialAction\":[{\"@type\":\"SearchAction\",\"target\":{\"@type\":\"EntryPoint\",\"urlTemplate\":\"https:\/\/www.gilroyendo.com\/?s={search_term_string}\"},\"query-input\":{\"@type\":\"PropertyValueSpecification\",\"valueRequired\":true,\"valueName\":\"search_term_string\"}}],\"inLanguage\":\"es\"}]}<\/script>\n<!-- \/ Yoast SEO plugin. -->","yoast_head_json":{"title":"Declaraci\u00f3n de accesibilidad","description":"Estamos trabajando para mejorar la accesibilidad del contenido de nuestro sitio web. A continuaci\u00f3n, encontrar\u00e1 algunas recomendaciones para que su experiencia de navegaci\u00f3n sea m\u00e1s accesible.","robots":{"index":"index","follow":"follow","max-snippet":"max-snippet:-1","max-image-preview":"max-image-preview:large","max-video-preview":"max-video-preview:-1"},"canonical":"https:\/\/www.gilroyendo.com\/es\/accessibility\/","og_locale":"es_MX","og_type":"article","og_title":"Accessibility Statement","og_description":"We are working to improve the accessibility of the content on our website. Below, you\u2019ll find some recommendations to help make your browsing experience more accessible.","og_url":"https:\/\/www.gilroyendo.com\/es\/accessibility\/","og_site_name":"Gilroy Endodontics","article_modified_time":"2018-07-03T15:46:22+00:00","twitter_card":"summary_large_image","twitter_misc":{"Tiempo de lectura":"1 minuto"},"schema":{"@context":"https:\/\/schema.org","@graph":[{"@type":"WebPage","@id":"https:\/\/www.gilroyendo.com\/accessibility\/","url":"https:\/\/www.gilroyendo.com\/accessibility\/","name":"Declaraci\u00f3n de accesibilidad","isPartOf":{"@id":"https:\/\/www.gilroyendo.com\/#website"},"datePublished":"2017-05-18T01:06:30+00:00","dateModified":"2018-07-03T15:46:22+00:00","description":"Estamos trabajando para mejorar la accesibilidad del contenido de nuestro sitio web. A continuaci\u00f3n, encontrar\u00e1 algunas recomendaciones para que su experiencia de navegaci\u00f3n sea m\u00e1s accesible.","breadcrumb":{"@id":"https:\/\/www.gilroyendo.com\/accessibility\/#breadcrumb"},"inLanguage":"es","potentialAction":[{"@type":"ReadAction","target":["https:\/\/www.gilroyendo.com\/accessibility\/"]}]},{"@type":"BreadcrumbList","@id":"https:\/\/www.gilroyendo.com\/accessibility\/#breadcrumb","itemListElement":[{"@type":"ListItem","position":1,"name":"Home","item":"https:\/\/www.gilroyendo.com\/"},{"@type":"ListItem","position":2,"name":"Accessibility"}]},{"@type":"WebSite","@id":"https:\/\/www.gilroyendo.com\/#website","url":"https:\/\/www.gilroyendo.com\/","name":"Endodoncia Gilroy","description":"","potentialAction":[{"@type":"SearchAction","target":{"@type":"EntryPoint","urlTemplate":"https:\/\/www.gilroyendo.com\/?s={search_term_string}"},"query-input":{"@type":"PropertyValueSpecification","valueRequired":true,"valueName":"search_term_string"}}],"inLanguage":"es"}]}},"_links":{"self":[{"href":"https:\/\/www.gilroyendo.com\/es\/wp-json\/wp\/v2\/pages\/3159","targetHints":{"allow":["GET"]}}],"collection":[{"href":"https:\/\/www.gilroyendo.com\/es\/wp-json\/wp\/v2\/pages"}],"about":[{"href":"https:\/\/www.gilroyendo.com\/es\/wp-json\/wp\/v2\/types\/page"}],"author":[{"embeddable":true,"href":"https:\/\/www.gilroyendo.com\/es\/wp-json\/wp\/v2\/users\/19"}],"replies":[{"embeddable":true,"href":"https:\/\/www.gilroyendo.com\/es\/wp-json\/wp\/v2\/comments?post=3159"}],"version-history":[{"count":2,"href":"https:\/\/www.gilroyendo.com\/es\/wp-json\/wp\/v2\/pages\/3159\/revisions"}],"predecessor-version":[{"id":6227,"href":"https:\/\/www.gilroyendo.com\/es\/wp-json\/wp\/v2\/pages\/3159\/revisions\/6227"}],"wp:attachment":[{"href":"https:\/\/www.gilroyendo.com\/es\/wp-json\/wp\/v2\/media?parent=3159"}],"curies":[{"name":"wp","href":"https:\/\/api.w.org\/{rel}","templated":true}]}}