{"id":321,"date":"2015-06-29T21:05:53","date_gmt":"2015-06-30T01:05:53","guid":{"rendered":"https:\/\/www.gilroyendo.com\/?page_id=321"},"modified":"2020-12-23T12:28:34","modified_gmt":"2020-12-23T17:28:34","slug":"share","status":"publish","type":"page","link":"https:\/\/www.gilroyendo.com\/es\/share\/","title":{"rendered":"Cuota"},"content":{"rendered":"<div id=\"cs-content\" class=\"cs-content\"><\/div>","protected":false},"excerpt":{"rendered":"<p>INICIORecomiende a un amigoUno de los mayores elogios que podemos recibir es una recomendaci\u00f3n de uno de nuestros valiosos pacientes. \u00bfLe gustar\u00eda recomendarnos a alguien? Utilice uno de los m\u00e9todos que se indican a continuaci\u00f3n para hacerlo... <\/p>\n<div><a href=\"https:\/\/www.gilroyendo.com\/es\/share\/\" class=\"more-link\">Lee mas<\/a><\/div>","protected":false},"author":19,"featured_media":0,"parent":0,"menu_order":0,"comment_status":"closed","ping_status":"closed","template":"template-blank-4.php","meta":{"footnotes":""},"class_list":["post-321","page","type-page","status-publish","hentry","no-post-thumbnail"],"yoast_head":"<!-- This site is optimized with the Yoast SEO plugin v25.6 - https:\/\/yoast.com\/wordpress\/plugins\/seo\/ -->\n<title>Share Our Practice Info<\/title>\n<meta name=\"description\" content=\"Share our practice information with your family and friends.\" \/>\n<meta name=\"robots\" content=\"index, follow, max-snippet:-1, max-image-preview:large, max-video-preview:-1\" \/>\n<link rel=\"canonical\" href=\"https:\/\/www.gilroyendo.com\/es\/share\/\" \/>\n<meta property=\"og:locale\" content=\"es_MX\" \/>\n<meta property=\"og:type\" content=\"article\" \/>\n<meta property=\"og:title\" content=\"Share Our Practice Info\" \/>\n<meta property=\"og:description\" content=\"Share our practice information with your family and friends.\" \/>\n<meta property=\"og:url\" content=\"https:\/\/www.gilroyendo.com\/es\/share\/\" \/>\n<meta property=\"og:site_name\" content=\"Gilroy Endodontics\" \/>\n<meta property=\"article:modified_time\" content=\"2020-12-23T17:28:34+00:00\" \/>\n<meta property=\"og:image\" content=\"https:\/\/www.gilroyendo.com\/wp-content\/uploads\/phone-screen.png\" \/>\n<meta name=\"twitter:card\" content=\"summary_large_image\" \/>\n<meta name=\"twitter:label1\" content=\"Tiempo de lectura\" \/>\n\t<meta name=\"twitter:data1\" content=\"9 minutos\" \/>\n<script type=\"application\/ld+json\" class=\"yoast-schema-graph\">{\"@context\":\"https:\/\/schema.org\",\"@graph\":[{\"@type\":\"WebPage\",\"@id\":\"https:\/\/www.gilroyendo.com\/share\/\",\"url\":\"https:\/\/www.gilroyendo.com\/share\/\",\"name\":\"Share Our Practice Info\",\"isPartOf\":{\"@id\":\"https:\/\/www.gilroyendo.com\/#website\"},\"primaryImageOfPage\":{\"@id\":\"https:\/\/www.gilroyendo.com\/share\/#primaryimage\"},\"image\":{\"@id\":\"https:\/\/www.gilroyendo.com\/share\/#primaryimage\"},\"thumbnailUrl\":\"https:\/\/www.gilroyendo.com\/wp-content\/uploads\/phone-screen.png\",\"datePublished\":\"2015-06-30T01:05:53+00:00\",\"dateModified\":\"2020-12-23T17:28:34+00:00\",\"description\":\"Share our practice information with your family and friends.\",\"breadcrumb\":{\"@id\":\"https:\/\/www.gilroyendo.com\/share\/#breadcrumb\"},\"inLanguage\":\"es\",\"potentialAction\":[{\"@type\":\"ReadAction\",\"target\":[\"https:\/\/www.gilroyendo.com\/share\/\"]}]},{\"@type\":\"ImageObject\",\"inLanguage\":\"es\",\"@id\":\"https:\/\/www.gilroyendo.com\/share\/#primaryimage\",\"url\":\"https:\/\/www.gilroyendo.com\/wp-content\/uploads\/phone-screen.png\",\"contentUrl\":\"https:\/\/www.gilroyendo.com\/wp-content\/uploads\/phone-screen.png\"},{\"@type\":\"BreadcrumbList\",\"@id\":\"https:\/\/www.gilroyendo.com\/share\/#breadcrumb\",\"itemListElement\":[{\"@type\":\"ListItem\",\"position\":1,\"name\":\"Home\",\"item\":\"https:\/\/www.gilroyendo.com\/\"},{\"@type\":\"ListItem\",\"position\":2,\"name\":\"Share\"}]},{\"@type\":\"WebSite\",\"@id\":\"https:\/\/www.gilroyendo.com\/#website\",\"url\":\"https:\/\/www.gilroyendo.com\/\",\"name\":\"Gilroy Endodontics\",\"description\":\"\",\"potentialAction\":[{\"@type\":\"SearchAction\",\"target\":{\"@type\":\"EntryPoint\",\"urlTemplate\":\"https:\/\/www.gilroyendo.com\/?s={search_term_string}\"},\"query-input\":{\"@type\":\"PropertyValueSpecification\",\"valueRequired\":true,\"valueName\":\"search_term_string\"}}],\"inLanguage\":\"es\"}]}<\/script>\n<!-- \/ Yoast SEO plugin. -->","yoast_head_json":{"title":"Comparta informaci\u00f3n sobre nuestra pr\u00e1ctica","description":"Comparte informaci\u00f3n sobre nuestra cl\u00ednica con tus familiares y amigos.","robots":{"index":"index","follow":"follow","max-snippet":"max-snippet:-1","max-image-preview":"max-image-preview:large","max-video-preview":"max-video-preview:-1"},"canonical":"https:\/\/www.gilroyendo.com\/es\/share\/","og_locale":"es_MX","og_type":"article","og_title":"Share Our Practice Info","og_description":"Share our practice information with your family and friends.","og_url":"https:\/\/www.gilroyendo.com\/es\/share\/","og_site_name":"Gilroy Endodontics","article_modified_time":"2020-12-23T17:28:34+00:00","og_image":[{"url":"https:\/\/www.gilroyendo.com\/wp-content\/uploads\/phone-screen.png","type":"","width":"","height":""}],"twitter_card":"summary_large_image","twitter_misc":{"Tiempo de lectura":"9 minutos"},"schema":{"@context":"https:\/\/schema.org","@graph":[{"@type":"WebPage","@id":"https:\/\/www.gilroyendo.com\/share\/","url":"https:\/\/www.gilroyendo.com\/share\/","name":"Comparta informaci\u00f3n sobre nuestra pr\u00e1ctica","isPartOf":{"@id":"https:\/\/www.gilroyendo.com\/#website"},"primaryImageOfPage":{"@id":"https:\/\/www.gilroyendo.com\/share\/#primaryimage"},"image":{"@id":"https:\/\/www.gilroyendo.com\/share\/#primaryimage"},"thumbnailUrl":"https:\/\/www.gilroyendo.com\/wp-content\/uploads\/phone-screen.png","datePublished":"2015-06-30T01:05:53+00:00","dateModified":"2020-12-23T17:28:34+00:00","description":"Comparte informaci\u00f3n sobre nuestra cl\u00ednica con tus familiares y amigos.","breadcrumb":{"@id":"https:\/\/www.gilroyendo.com\/share\/#breadcrumb"},"inLanguage":"es","potentialAction":[{"@type":"ReadAction","target":["https:\/\/www.gilroyendo.com\/share\/"]}]},{"@type":"ImageObject","inLanguage":"es","@id":"https:\/\/www.gilroyendo.com\/share\/#primaryimage","url":"https:\/\/www.gilroyendo.com\/wp-content\/uploads\/phone-screen.png","contentUrl":"https:\/\/www.gilroyendo.com\/wp-content\/uploads\/phone-screen.png"},{"@type":"BreadcrumbList","@id":"https:\/\/www.gilroyendo.com\/share\/#breadcrumb","itemListElement":[{"@type":"ListItem","position":1,"name":"Home","item":"https:\/\/www.gilroyendo.com\/"},{"@type":"ListItem","position":2,"name":"Share"}]},{"@type":"WebSite","@id":"https:\/\/www.gilroyendo.com\/#website","url":"https:\/\/www.gilroyendo.com\/","name":"Endodoncia Gilroy","description":"","potentialAction":[{"@type":"SearchAction","target":{"@type":"EntryPoint","urlTemplate":"https:\/\/www.gilroyendo.com\/?s={search_term_string}"},"query-input":{"@type":"PropertyValueSpecification","valueRequired":true,"valueName":"search_term_string"}}],"inLanguage":"es"}]}},"_links":{"self":[{"href":"https:\/\/www.gilroyendo.com\/es\/wp-json\/wp\/v2\/pages\/321","targetHints":{"allow":["GET"]}}],"collection":[{"href":"https:\/\/www.gilroyendo.com\/es\/wp-json\/wp\/v2\/pages"}],"about":[{"href":"https:\/\/www.gilroyendo.com\/es\/wp-json\/wp\/v2\/types\/page"}],"author":[{"embeddable":true,"href":"https:\/\/www.gilroyendo.com\/es\/wp-json\/wp\/v2\/users\/19"}],"replies":[{"embeddable":true,"href":"https:\/\/www.gilroyendo.com\/es\/wp-json\/wp\/v2\/comments?post=321"}],"version-history":[{"count":2,"href":"https:\/\/www.gilroyendo.com\/es\/wp-json\/wp\/v2\/pages\/321\/revisions"}],"predecessor-version":[{"id":7717,"href":"https:\/\/www.gilroyendo.com\/es\/wp-json\/wp\/v2\/pages\/321\/revisions\/7717"}],"wp:attachment":[{"href":"https:\/\/www.gilroyendo.com\/es\/wp-json\/wp\/v2\/media?parent=321"}],"curies":[{"name":"wp","href":"https:\/\/api.w.org\/{rel}","templated":true}]}}