{"id":328,"date":"2015-06-29T21:16:28","date_gmt":"2015-06-30T01:16:28","guid":{"rendered":"https:\/\/www.gilroyendo.com\/?page_id=328"},"modified":"2021-01-05T09:51:22","modified_gmt":"2021-01-05T14:51:22","slug":"referring-doctors","status":"publish","type":"page","link":"https:\/\/www.gilroyendo.com\/es\/referring-doctors\/","title":{"rendered":"M\u00e9dicos remitentes"},"content":{"rendered":"<div id=\"cs-content\" class=\"cs-content\"><\/div>","protected":false},"excerpt":{"rendered":"<p>INICIOM\u00e9dicos que nos derivan pacientesTrabajar en estrecha colaboraci\u00f3n con nuestros m\u00e9dicos que nos derivan pacientes es un aspecto importante de la atenci\u00f3n que brindamos. Valoramos cada una de las derivaciones y nos enorgullecemos de brindar un ambiente c\u00e1lido, c\u00f3modo y tecnol\u00f3gicamente avanzado. <\/p>\n<div><a href=\"https:\/\/www.gilroyendo.com\/es\/referring-doctors\/\" class=\"more-link\">Lee mas<\/a><\/div>","protected":false},"author":19,"featured_media":0,"parent":0,"menu_order":0,"comment_status":"closed","ping_status":"closed","template":"template-blank-4.php","meta":{"footnotes":""},"class_list":["post-328","page","type-page","status-publish","hentry","no-post-thumbnail"],"yoast_head":"<!-- This site is optimized with the Yoast SEO plugin v25.6 - https:\/\/yoast.com\/wordpress\/plugins\/seo\/ -->\n<title>Referring Doctors<\/title>\n<meta name=\"description\" content=\"Have a patient you would like to refer to our practice? Contact us today.\" \/>\n<meta name=\"robots\" content=\"index, follow, max-snippet:-1, max-image-preview:large, max-video-preview:-1\" \/>\n<link rel=\"canonical\" href=\"https:\/\/www.gilroyendo.com\/es\/referring-doctors\/\" \/>\n<meta property=\"og:locale\" content=\"es_MX\" \/>\n<meta property=\"og:type\" content=\"article\" \/>\n<meta property=\"og:title\" content=\"Referring Doctors\" \/>\n<meta property=\"og:description\" content=\"Have a patient you would like to refer to our practice? Contact us today.\" \/>\n<meta property=\"og:url\" content=\"https:\/\/www.gilroyendo.com\/es\/referring-doctors\/\" \/>\n<meta property=\"og:site_name\" content=\"Gilroy Endodontics\" \/>\n<meta property=\"article:modified_time\" content=\"2021-01-05T14:51:22+00:00\" \/>\n<meta property=\"og:image\" content=\"https:\/\/www.gilroyendo.com\/wp-content\/uploads\/referring.jpg\" \/>\n<meta name=\"twitter:card\" content=\"summary_large_image\" \/>\n<meta name=\"twitter:label1\" content=\"Tiempo de lectura\" \/>\n\t<meta name=\"twitter:data1\" content=\"3 minutos\" \/>\n<script type=\"application\/ld+json\" class=\"yoast-schema-graph\">{\"@context\":\"https:\/\/schema.org\",\"@graph\":[{\"@type\":\"WebPage\",\"@id\":\"https:\/\/www.gilroyendo.com\/referring-doctors\/\",\"url\":\"https:\/\/www.gilroyendo.com\/referring-doctors\/\",\"name\":\"Referring Doctors\",\"isPartOf\":{\"@id\":\"https:\/\/www.gilroyendo.com\/#website\"},\"primaryImageOfPage\":{\"@id\":\"https:\/\/www.gilroyendo.com\/referring-doctors\/#primaryimage\"},\"image\":{\"@id\":\"https:\/\/www.gilroyendo.com\/referring-doctors\/#primaryimage\"},\"thumbnailUrl\":\"https:\/\/www.gilroyendo.com\/wp-content\/uploads\/referring.jpg\",\"datePublished\":\"2015-06-30T01:16:28+00:00\",\"dateModified\":\"2021-01-05T14:51:22+00:00\",\"description\":\"Have a patient you would like to refer to our practice? Contact us today.\",\"breadcrumb\":{\"@id\":\"https:\/\/www.gilroyendo.com\/referring-doctors\/#breadcrumb\"},\"inLanguage\":\"es\",\"potentialAction\":[{\"@type\":\"ReadAction\",\"target\":[\"https:\/\/www.gilroyendo.com\/referring-doctors\/\"]}]},{\"@type\":\"ImageObject\",\"inLanguage\":\"es\",\"@id\":\"https:\/\/www.gilroyendo.com\/referring-doctors\/#primaryimage\",\"url\":\"https:\/\/www.gilroyendo.com\/wp-content\/uploads\/referring.jpg\",\"contentUrl\":\"https:\/\/www.gilroyendo.com\/wp-content\/uploads\/referring.jpg\"},{\"@type\":\"BreadcrumbList\",\"@id\":\"https:\/\/www.gilroyendo.com\/referring-doctors\/#breadcrumb\",\"itemListElement\":[{\"@type\":\"ListItem\",\"position\":1,\"name\":\"Home\",\"item\":\"https:\/\/www.gilroyendo.com\/\"},{\"@type\":\"ListItem\",\"position\":2,\"name\":\"Referring Doctors\"}]},{\"@type\":\"WebSite\",\"@id\":\"https:\/\/www.gilroyendo.com\/#website\",\"url\":\"https:\/\/www.gilroyendo.com\/\",\"name\":\"Gilroy Endodontics\",\"description\":\"\",\"potentialAction\":[{\"@type\":\"SearchAction\",\"target\":{\"@type\":\"EntryPoint\",\"urlTemplate\":\"https:\/\/www.gilroyendo.com\/?s={search_term_string}\"},\"query-input\":{\"@type\":\"PropertyValueSpecification\",\"valueRequired\":true,\"valueName\":\"search_term_string\"}}],\"inLanguage\":\"es\"}]}<\/script>\n<!-- \/ Yoast SEO plugin. -->","yoast_head_json":{"title":"M\u00e9dicos remitentes","description":"\u00bfTiene alg\u00fan paciente que le gustar\u00eda recomendar a nuestra cl\u00ednica? Cont\u00e1ctenos hoy mismo.","robots":{"index":"index","follow":"follow","max-snippet":"max-snippet:-1","max-image-preview":"max-image-preview:large","max-video-preview":"max-video-preview:-1"},"canonical":"https:\/\/www.gilroyendo.com\/es\/referring-doctors\/","og_locale":"es_MX","og_type":"article","og_title":"Referring Doctors","og_description":"Have a patient you would like to refer to our practice? Contact us today.","og_url":"https:\/\/www.gilroyendo.com\/es\/referring-doctors\/","og_site_name":"Gilroy Endodontics","article_modified_time":"2021-01-05T14:51:22+00:00","og_image":[{"url":"https:\/\/www.gilroyendo.com\/wp-content\/uploads\/referring.jpg","type":"","width":"","height":""}],"twitter_card":"summary_large_image","twitter_misc":{"Tiempo de lectura":"3 minutos"},"schema":{"@context":"https:\/\/schema.org","@graph":[{"@type":"WebPage","@id":"https:\/\/www.gilroyendo.com\/referring-doctors\/","url":"https:\/\/www.gilroyendo.com\/referring-doctors\/","name":"M\u00e9dicos remitentes","isPartOf":{"@id":"https:\/\/www.gilroyendo.com\/#website"},"primaryImageOfPage":{"@id":"https:\/\/www.gilroyendo.com\/referring-doctors\/#primaryimage"},"image":{"@id":"https:\/\/www.gilroyendo.com\/referring-doctors\/#primaryimage"},"thumbnailUrl":"https:\/\/www.gilroyendo.com\/wp-content\/uploads\/referring.jpg","datePublished":"2015-06-30T01:16:28+00:00","dateModified":"2021-01-05T14:51:22+00:00","description":"\u00bfTiene alg\u00fan paciente que le gustar\u00eda recomendar a nuestra cl\u00ednica? Cont\u00e1ctenos hoy mismo.","breadcrumb":{"@id":"https:\/\/www.gilroyendo.com\/referring-doctors\/#breadcrumb"},"inLanguage":"es","potentialAction":[{"@type":"ReadAction","target":["https:\/\/www.gilroyendo.com\/referring-doctors\/"]}]},{"@type":"ImageObject","inLanguage":"es","@id":"https:\/\/www.gilroyendo.com\/referring-doctors\/#primaryimage","url":"https:\/\/www.gilroyendo.com\/wp-content\/uploads\/referring.jpg","contentUrl":"https:\/\/www.gilroyendo.com\/wp-content\/uploads\/referring.jpg"},{"@type":"BreadcrumbList","@id":"https:\/\/www.gilroyendo.com\/referring-doctors\/#breadcrumb","itemListElement":[{"@type":"ListItem","position":1,"name":"Home","item":"https:\/\/www.gilroyendo.com\/"},{"@type":"ListItem","position":2,"name":"Referring Doctors"}]},{"@type":"WebSite","@id":"https:\/\/www.gilroyendo.com\/#website","url":"https:\/\/www.gilroyendo.com\/","name":"Endodoncia Gilroy","description":"","potentialAction":[{"@type":"SearchAction","target":{"@type":"EntryPoint","urlTemplate":"https:\/\/www.gilroyendo.com\/?s={search_term_string}"},"query-input":{"@type":"PropertyValueSpecification","valueRequired":true,"valueName":"search_term_string"}}],"inLanguage":"es"}]}},"_links":{"self":[{"href":"https:\/\/www.gilroyendo.com\/es\/wp-json\/wp\/v2\/pages\/328","targetHints":{"allow":["GET"]}}],"collection":[{"href":"https:\/\/www.gilroyendo.com\/es\/wp-json\/wp\/v2\/pages"}],"about":[{"href":"https:\/\/www.gilroyendo.com\/es\/wp-json\/wp\/v2\/types\/page"}],"author":[{"embeddable":true,"href":"https:\/\/www.gilroyendo.com\/es\/wp-json\/wp\/v2\/users\/19"}],"replies":[{"embeddable":true,"href":"https:\/\/www.gilroyendo.com\/es\/wp-json\/wp\/v2\/comments?post=328"}],"version-history":[{"count":2,"href":"https:\/\/www.gilroyendo.com\/es\/wp-json\/wp\/v2\/pages\/328\/revisions"}],"predecessor-version":[{"id":7719,"href":"https:\/\/www.gilroyendo.com\/es\/wp-json\/wp\/v2\/pages\/328\/revisions\/7719"}],"wp:attachment":[{"href":"https:\/\/www.gilroyendo.com\/es\/wp-json\/wp\/v2\/media?parent=328"}],"curies":[{"name":"wp","href":"https:\/\/api.w.org\/{rel}","templated":true}]}}