{"id":3536,"date":"2017-08-11T16:25:17","date_gmt":"2017-08-11T20:25:17","guid":{"rendered":"https:\/\/www.gilroyendo.com\/?page_id=3536"},"modified":"2020-11-04T11:34:50","modified_gmt":"2020-11-04T16:34:50","slug":"endodontic-retreatment","status":"publish","type":"page","link":"https:\/\/www.gilroyendo.com\/es\/endodontic-services\/endodontic-retreatment\/","title":{"rendered":"Retratamiento endod\u00f3ntico"},"content":{"rendered":"<div id=\"cs-content\" class=\"cs-content\"><\/div>","protected":false},"excerpt":{"rendered":"<p>INICIORetratamiento endod\u00f3nticoEn ocasiones, un diente que fue tratado hace meses o a\u00f1os puede desarrollar nuevos problemas. En algunos casos, un diente que ha recibido un tratamiento endod\u00f3ntico no cicatriza o contin\u00faa teniendo dolor. Es posible que\u2026 <\/p>\n<div><a href=\"https:\/\/www.gilroyendo.com\/es\/endodontic-services\/endodontic-retreatment\/\" class=\"more-link\">Lee mas<\/a><\/div>","protected":false},"author":19,"featured_media":0,"parent":370,"menu_order":0,"comment_status":"closed","ping_status":"closed","template":"template-blank-4.php","meta":{"footnotes":""},"class_list":["post-3536","page","type-page","status-publish","hentry","no-post-thumbnail"],"yoast_head":"<!-- This site is optimized with the Yoast SEO plugin v25.6 - https:\/\/yoast.com\/wordpress\/plugins\/seo\/ -->\n<title>Endodontic Retreatment | Endodontic Services<\/title>\n<meta name=\"description\" content=\"Sometimes a tooth that was previously treated fails to heal or continues to cause pain, so it may potentially be saved with a second endodontic treatment.\" \/>\n<meta name=\"robots\" content=\"index, follow, max-snippet:-1, max-image-preview:large, max-video-preview:-1\" \/>\n<link rel=\"canonical\" href=\"https:\/\/www.gilroyendo.com\/es\/endodontic-services\/endodontic-retreatment\/\" \/>\n<meta property=\"og:locale\" content=\"es_MX\" \/>\n<meta property=\"og:type\" content=\"article\" \/>\n<meta property=\"og:title\" content=\"Endodontic Retreatment | Endodontic Services\" \/>\n<meta property=\"og:description\" content=\"Sometimes a tooth that was previously treated fails to heal or continues to cause pain, so it may potentially be saved with a second endodontic treatment.\" \/>\n<meta property=\"og:url\" content=\"https:\/\/www.gilroyendo.com\/es\/endodontic-services\/endodontic-retreatment\/\" \/>\n<meta property=\"og:site_name\" content=\"Gilroy Endodontics\" \/>\n<meta property=\"article:modified_time\" content=\"2020-11-04T16:34:50+00:00\" \/>\n<meta name=\"twitter:card\" content=\"summary_large_image\" \/>\n<meta name=\"twitter:label1\" content=\"Tiempo de lectura\" \/>\n\t<meta name=\"twitter:data1\" content=\"3 minutos\" \/>\n<script type=\"application\/ld+json\" class=\"yoast-schema-graph\">{\"@context\":\"https:\/\/schema.org\",\"@graph\":[{\"@type\":\"WebPage\",\"@id\":\"https:\/\/www.gilroyendo.com\/endodontic-services\/endodontic-retreatment\/\",\"url\":\"https:\/\/www.gilroyendo.com\/endodontic-services\/endodontic-retreatment\/\",\"name\":\"Endodontic Retreatment | Endodontic Services\",\"isPartOf\":{\"@id\":\"https:\/\/www.gilroyendo.com\/#website\"},\"datePublished\":\"2017-08-11T20:25:17+00:00\",\"dateModified\":\"2020-11-04T16:34:50+00:00\",\"description\":\"Sometimes a tooth that was previously treated fails to heal or continues to cause pain, so it may potentially be saved with a second endodontic treatment.\",\"breadcrumb\":{\"@id\":\"https:\/\/www.gilroyendo.com\/endodontic-services\/endodontic-retreatment\/#breadcrumb\"},\"inLanguage\":\"es\",\"potentialAction\":[{\"@type\":\"ReadAction\",\"target\":[\"https:\/\/www.gilroyendo.com\/endodontic-services\/endodontic-retreatment\/\"]}]},{\"@type\":\"BreadcrumbList\",\"@id\":\"https:\/\/www.gilroyendo.com\/endodontic-services\/endodontic-retreatment\/#breadcrumb\",\"itemListElement\":[{\"@type\":\"ListItem\",\"position\":1,\"name\":\"Home\",\"item\":\"https:\/\/www.gilroyendo.com\/\"},{\"@type\":\"ListItem\",\"position\":2,\"name\":\"Endodontic Services\",\"item\":\"https:\/\/www.gilroyendo.com\/endodontic-services\/\"},{\"@type\":\"ListItem\",\"position\":3,\"name\":\"Endodontic Retreatment\"}]},{\"@type\":\"WebSite\",\"@id\":\"https:\/\/www.gilroyendo.com\/#website\",\"url\":\"https:\/\/www.gilroyendo.com\/\",\"name\":\"Gilroy Endodontics\",\"description\":\"\",\"potentialAction\":[{\"@type\":\"SearchAction\",\"target\":{\"@type\":\"EntryPoint\",\"urlTemplate\":\"https:\/\/www.gilroyendo.com\/?s={search_term_string}\"},\"query-input\":{\"@type\":\"PropertyValueSpecification\",\"valueRequired\":true,\"valueName\":\"search_term_string\"}}],\"inLanguage\":\"es\"}]}<\/script>\n<!-- \/ Yoast SEO plugin. -->","yoast_head_json":{"title":"Endodontic Retreatment | Endodontic Services","description":"Sometimes a tooth that was previously treated fails to heal or continues to cause pain, so it may potentially be saved with a second endodontic treatment.","robots":{"index":"index","follow":"follow","max-snippet":"max-snippet:-1","max-image-preview":"max-image-preview:large","max-video-preview":"max-video-preview:-1"},"canonical":"https:\/\/www.gilroyendo.com\/es\/endodontic-services\/endodontic-retreatment\/","og_locale":"es_MX","og_type":"article","og_title":"Endodontic Retreatment | Endodontic Services","og_description":"Sometimes a tooth that was previously treated fails to heal or continues to cause pain, so it may potentially be saved with a second endodontic treatment.","og_url":"https:\/\/www.gilroyendo.com\/es\/endodontic-services\/endodontic-retreatment\/","og_site_name":"Gilroy Endodontics","article_modified_time":"2020-11-04T16:34:50+00:00","twitter_card":"summary_large_image","twitter_misc":{"Tiempo de lectura":"3 minutos"},"schema":{"@context":"https:\/\/schema.org","@graph":[{"@type":"WebPage","@id":"https:\/\/www.gilroyendo.com\/endodontic-services\/endodontic-retreatment\/","url":"https:\/\/www.gilroyendo.com\/endodontic-services\/endodontic-retreatment\/","name":"Endodontic Retreatment | Endodontic Services","isPartOf":{"@id":"https:\/\/www.gilroyendo.com\/#website"},"datePublished":"2017-08-11T20:25:17+00:00","dateModified":"2020-11-04T16:34:50+00:00","description":"Sometimes a tooth that was previously treated fails to heal or continues to cause pain, so it may potentially be saved with a second endodontic treatment.","breadcrumb":{"@id":"https:\/\/www.gilroyendo.com\/endodontic-services\/endodontic-retreatment\/#breadcrumb"},"inLanguage":"es","potentialAction":[{"@type":"ReadAction","target":["https:\/\/www.gilroyendo.com\/endodontic-services\/endodontic-retreatment\/"]}]},{"@type":"BreadcrumbList","@id":"https:\/\/www.gilroyendo.com\/endodontic-services\/endodontic-retreatment\/#breadcrumb","itemListElement":[{"@type":"ListItem","position":1,"name":"Home","item":"https:\/\/www.gilroyendo.com\/"},{"@type":"ListItem","position":2,"name":"Endodontic Services","item":"https:\/\/www.gilroyendo.com\/endodontic-services\/"},{"@type":"ListItem","position":3,"name":"Endodontic Retreatment"}]},{"@type":"WebSite","@id":"https:\/\/www.gilroyendo.com\/#website","url":"https:\/\/www.gilroyendo.com\/","name":"Endodoncia Gilroy","description":"","potentialAction":[{"@type":"SearchAction","target":{"@type":"EntryPoint","urlTemplate":"https:\/\/www.gilroyendo.com\/?s={search_term_string}"},"query-input":{"@type":"PropertyValueSpecification","valueRequired":true,"valueName":"search_term_string"}}],"inLanguage":"es"}]}},"_links":{"self":[{"href":"https:\/\/www.gilroyendo.com\/es\/wp-json\/wp\/v2\/pages\/3536","targetHints":{"allow":["GET"]}}],"collection":[{"href":"https:\/\/www.gilroyendo.com\/es\/wp-json\/wp\/v2\/pages"}],"about":[{"href":"https:\/\/www.gilroyendo.com\/es\/wp-json\/wp\/v2\/types\/page"}],"author":[{"embeddable":true,"href":"https:\/\/www.gilroyendo.com\/es\/wp-json\/wp\/v2\/users\/19"}],"replies":[{"embeddable":true,"href":"https:\/\/www.gilroyendo.com\/es\/wp-json\/wp\/v2\/comments?post=3536"}],"version-history":[{"count":2,"href":"https:\/\/www.gilroyendo.com\/es\/wp-json\/wp\/v2\/pages\/3536\/revisions"}],"predecessor-version":[{"id":7583,"href":"https:\/\/www.gilroyendo.com\/es\/wp-json\/wp\/v2\/pages\/3536\/revisions\/7583"}],"up":[{"embeddable":true,"href":"https:\/\/www.gilroyendo.com\/es\/wp-json\/wp\/v2\/pages\/370"}],"wp:attachment":[{"href":"https:\/\/www.gilroyendo.com\/es\/wp-json\/wp\/v2\/media?parent=3536"}],"curies":[{"name":"wp","href":"https:\/\/api.w.org\/{rel}","templated":true}]}}