{"id":3540,"date":"2017-08-11T16:29:41","date_gmt":"2017-08-11T20:29:41","guid":{"rendered":"https:\/\/www.gilroyendo.com\/?page_id=3540"},"modified":"2020-11-04T11:34:05","modified_gmt":"2020-11-04T16:34:05","slug":"endodontic-apical-surgery","status":"publish","type":"page","link":"https:\/\/www.gilroyendo.com\/es\/endodontic-services\/endodontic-apical-surgery\/","title":{"rendered":"Cirug\u00eda endod\u00f3ntica o apical"},"content":{"rendered":"<div id=\"cs-content\" class=\"cs-content\"><\/div>","protected":false},"excerpt":{"rendered":"<p>INICIOEndodoncia o Cirug\u00eda ApicalEn algunos casos, puede ser necesario eliminar las puntas o el \u00e1pice de la ra\u00edz infectada y el tejido circundante. Esto se conoce como cirug\u00eda apical o apicectom\u00eda. El \u00e1rea alrededor de la ra\u00edz \u2026 <\/p>\n<div><a href=\"https:\/\/www.gilroyendo.com\/es\/endodontic-services\/endodontic-apical-surgery\/\" class=\"more-link\">Lee mas<\/a><\/div>","protected":false},"author":19,"featured_media":0,"parent":370,"menu_order":0,"comment_status":"closed","ping_status":"closed","template":"template-blank-4.php","meta":{"footnotes":""},"class_list":["post-3540","page","type-page","status-publish","hentry","no-post-thumbnail"],"yoast_head":"<!-- This site is optimized with the Yoast SEO plugin v25.6 - https:\/\/yoast.com\/wordpress\/plugins\/seo\/ -->\n<title>Endodontic or Apical Surgery | Endodontic Services<\/title>\n<meta name=\"description\" content=\"Endodontic surgery, also called apical surgery or an apicoectomy involves removing infected root tips and surrounding tissue.\" \/>\n<meta name=\"robots\" content=\"index, follow, max-snippet:-1, max-image-preview:large, max-video-preview:-1\" \/>\n<link rel=\"canonical\" href=\"https:\/\/www.gilroyendo.com\/es\/endodontic-services\/endodontic-apical-surgery\/\" \/>\n<meta property=\"og:locale\" content=\"es_MX\" \/>\n<meta property=\"og:type\" content=\"article\" \/>\n<meta property=\"og:title\" content=\"Endodontic or Apical Surgery | Endodontic Services\" \/>\n<meta property=\"og:description\" content=\"Endodontic surgery, also called apical surgery or an apicoectomy involves removing infected root tips and surrounding tissue.\" \/>\n<meta property=\"og:url\" content=\"https:\/\/www.gilroyendo.com\/es\/endodontic-services\/endodontic-apical-surgery\/\" \/>\n<meta property=\"og:site_name\" content=\"Gilroy Endodontics\" \/>\n<meta property=\"article:modified_time\" content=\"2020-11-04T16:34:05+00:00\" \/>\n<meta name=\"twitter:card\" content=\"summary_large_image\" \/>\n<meta name=\"twitter:label1\" content=\"Tiempo de lectura\" \/>\n\t<meta name=\"twitter:data1\" content=\"3 minutos\" \/>\n<script type=\"application\/ld+json\" class=\"yoast-schema-graph\">{\"@context\":\"https:\/\/schema.org\",\"@graph\":[{\"@type\":\"WebPage\",\"@id\":\"https:\/\/www.gilroyendo.com\/endodontic-services\/endodontic-apical-surgery\/\",\"url\":\"https:\/\/www.gilroyendo.com\/endodontic-services\/endodontic-apical-surgery\/\",\"name\":\"Endodontic or Apical Surgery | Endodontic Services\",\"isPartOf\":{\"@id\":\"https:\/\/www.gilroyendo.com\/#website\"},\"datePublished\":\"2017-08-11T20:29:41+00:00\",\"dateModified\":\"2020-11-04T16:34:05+00:00\",\"description\":\"Endodontic surgery, also called apical surgery or an apicoectomy involves removing infected root tips and surrounding tissue.\",\"breadcrumb\":{\"@id\":\"https:\/\/www.gilroyendo.com\/endodontic-services\/endodontic-apical-surgery\/#breadcrumb\"},\"inLanguage\":\"es\",\"potentialAction\":[{\"@type\":\"ReadAction\",\"target\":[\"https:\/\/www.gilroyendo.com\/endodontic-services\/endodontic-apical-surgery\/\"]}]},{\"@type\":\"BreadcrumbList\",\"@id\":\"https:\/\/www.gilroyendo.com\/endodontic-services\/endodontic-apical-surgery\/#breadcrumb\",\"itemListElement\":[{\"@type\":\"ListItem\",\"position\":1,\"name\":\"Home\",\"item\":\"https:\/\/www.gilroyendo.com\/\"},{\"@type\":\"ListItem\",\"position\":2,\"name\":\"Endodontic Services\",\"item\":\"https:\/\/www.gilroyendo.com\/endodontic-services\/\"},{\"@type\":\"ListItem\",\"position\":3,\"name\":\"Endodontic or Apical Surgery\"}]},{\"@type\":\"WebSite\",\"@id\":\"https:\/\/www.gilroyendo.com\/#website\",\"url\":\"https:\/\/www.gilroyendo.com\/\",\"name\":\"Gilroy Endodontics\",\"description\":\"\",\"potentialAction\":[{\"@type\":\"SearchAction\",\"target\":{\"@type\":\"EntryPoint\",\"urlTemplate\":\"https:\/\/www.gilroyendo.com\/?s={search_term_string}\"},\"query-input\":{\"@type\":\"PropertyValueSpecification\",\"valueRequired\":true,\"valueName\":\"search_term_string\"}}],\"inLanguage\":\"es\"}]}<\/script>\n<!-- \/ Yoast SEO plugin. -->","yoast_head_json":{"title":"Cirug\u00eda endod\u00f3ncica o apical | Servicios de endodoncia","description":"La cirug\u00eda endod\u00f3ncica, tambi\u00e9n llamada cirug\u00eda apical o apicectom\u00eda, consiste en la eliminaci\u00f3n de las puntas de las ra\u00edces infectadas y el tejido circundante.","robots":{"index":"index","follow":"follow","max-snippet":"max-snippet:-1","max-image-preview":"max-image-preview:large","max-video-preview":"max-video-preview:-1"},"canonical":"https:\/\/www.gilroyendo.com\/es\/endodontic-services\/endodontic-apical-surgery\/","og_locale":"es_MX","og_type":"article","og_title":"Endodontic or Apical Surgery | Endodontic Services","og_description":"Endodontic surgery, also called apical surgery or an apicoectomy involves removing infected root tips and surrounding tissue.","og_url":"https:\/\/www.gilroyendo.com\/es\/endodontic-services\/endodontic-apical-surgery\/","og_site_name":"Gilroy Endodontics","article_modified_time":"2020-11-04T16:34:05+00:00","twitter_card":"summary_large_image","twitter_misc":{"Tiempo de lectura":"3 minutos"},"schema":{"@context":"https:\/\/schema.org","@graph":[{"@type":"WebPage","@id":"https:\/\/www.gilroyendo.com\/endodontic-services\/endodontic-apical-surgery\/","url":"https:\/\/www.gilroyendo.com\/endodontic-services\/endodontic-apical-surgery\/","name":"Cirug\u00eda endod\u00f3ncica o apical | Servicios de endodoncia","isPartOf":{"@id":"https:\/\/www.gilroyendo.com\/#website"},"datePublished":"2017-08-11T20:29:41+00:00","dateModified":"2020-11-04T16:34:05+00:00","description":"La cirug\u00eda endod\u00f3ncica, tambi\u00e9n llamada cirug\u00eda apical o apicectom\u00eda, consiste en la eliminaci\u00f3n de las puntas de las ra\u00edces infectadas y el tejido circundante.","breadcrumb":{"@id":"https:\/\/www.gilroyendo.com\/endodontic-services\/endodontic-apical-surgery\/#breadcrumb"},"inLanguage":"es","potentialAction":[{"@type":"ReadAction","target":["https:\/\/www.gilroyendo.com\/endodontic-services\/endodontic-apical-surgery\/"]}]},{"@type":"BreadcrumbList","@id":"https:\/\/www.gilroyendo.com\/endodontic-services\/endodontic-apical-surgery\/#breadcrumb","itemListElement":[{"@type":"ListItem","position":1,"name":"Home","item":"https:\/\/www.gilroyendo.com\/"},{"@type":"ListItem","position":2,"name":"Endodontic Services","item":"https:\/\/www.gilroyendo.com\/endodontic-services\/"},{"@type":"ListItem","position":3,"name":"Endodontic or Apical Surgery"}]},{"@type":"WebSite","@id":"https:\/\/www.gilroyendo.com\/#website","url":"https:\/\/www.gilroyendo.com\/","name":"Endodoncia Gilroy","description":"","potentialAction":[{"@type":"SearchAction","target":{"@type":"EntryPoint","urlTemplate":"https:\/\/www.gilroyendo.com\/?s={search_term_string}"},"query-input":{"@type":"PropertyValueSpecification","valueRequired":true,"valueName":"search_term_string"}}],"inLanguage":"es"}]}},"_links":{"self":[{"href":"https:\/\/www.gilroyendo.com\/es\/wp-json\/wp\/v2\/pages\/3540","targetHints":{"allow":["GET"]}}],"collection":[{"href":"https:\/\/www.gilroyendo.com\/es\/wp-json\/wp\/v2\/pages"}],"about":[{"href":"https:\/\/www.gilroyendo.com\/es\/wp-json\/wp\/v2\/types\/page"}],"author":[{"embeddable":true,"href":"https:\/\/www.gilroyendo.com\/es\/wp-json\/wp\/v2\/users\/19"}],"replies":[{"embeddable":true,"href":"https:\/\/www.gilroyendo.com\/es\/wp-json\/wp\/v2\/comments?post=3540"}],"version-history":[{"count":2,"href":"https:\/\/www.gilroyendo.com\/es\/wp-json\/wp\/v2\/pages\/3540\/revisions"}],"predecessor-version":[{"id":7582,"href":"https:\/\/www.gilroyendo.com\/es\/wp-json\/wp\/v2\/pages\/3540\/revisions\/7582"}],"up":[{"embeddable":true,"href":"https:\/\/www.gilroyendo.com\/es\/wp-json\/wp\/v2\/pages\/370"}],"wp:attachment":[{"href":"https:\/\/www.gilroyendo.com\/es\/wp-json\/wp\/v2\/media?parent=3540"}],"curies":[{"name":"wp","href":"https:\/\/api.w.org\/{rel}","templated":true}]}}