{"id":3546,"date":"2017-08-11T16:35:37","date_gmt":"2017-08-11T20:35:37","guid":{"rendered":"https:\/\/www.gilroyendo.com\/?page_id=3546"},"modified":"2020-11-04T11:55:11","modified_gmt":"2020-11-04T16:55:11","slug":"dental-trauma","status":"publish","type":"page","link":"https:\/\/www.gilroyendo.com\/es\/endodontic-services\/dental-trauma\/","title":{"rendered":"Trauma dental"},"content":{"rendered":"<div id=\"cs-content\" class=\"cs-content\"><\/div>","protected":false},"excerpt":{"rendered":"<p>INICIOTraumatismos dentalesLas lesiones traum\u00e1ticas pueden dar lugar a la necesidad de un tratamiento dental. Los dientes fracturados o agrietados, un diente desplazado o incluso un diente que se ha salido (avulsionado) son resultados comunes de un traumatismo dental. Cada \u2026 <\/p>\n<div><a href=\"https:\/\/www.gilroyendo.com\/es\/endodontic-services\/dental-trauma\/\" class=\"more-link\">Lee mas<\/a><\/div>","protected":false},"author":19,"featured_media":0,"parent":370,"menu_order":0,"comment_status":"closed","ping_status":"closed","template":"template-blank-4.php","meta":{"footnotes":""},"class_list":["post-3546","page","type-page","status-publish","hentry","no-post-thumbnail"],"yoast_head":"<!-- This site is optimized with the Yoast SEO plugin v25.6 - https:\/\/yoast.com\/wordpress\/plugins\/seo\/ -->\n<title>Dental Trauma | Endodontic Services<\/title>\n<meta name=\"description\" content=\"Dental trauma requires medical evaluation and treatment as injury to the teeth or mouth can cause teeth to be fractured, cracked, displaced, or lost.\" \/>\n<meta name=\"robots\" content=\"index, follow, max-snippet:-1, max-image-preview:large, max-video-preview:-1\" \/>\n<link rel=\"canonical\" href=\"https:\/\/www.gilroyendo.com\/es\/endodontic-services\/dental-trauma\/\" \/>\n<meta property=\"og:locale\" content=\"es_MX\" \/>\n<meta property=\"og:type\" content=\"article\" \/>\n<meta property=\"og:title\" content=\"Dental Trauma | Endodontic Services\" \/>\n<meta property=\"og:description\" content=\"Dental trauma requires medical evaluation and treatment as injury to the teeth or mouth can cause teeth to be fractured, cracked, displaced, or lost.\" \/>\n<meta property=\"og:url\" content=\"https:\/\/www.gilroyendo.com\/es\/endodontic-services\/dental-trauma\/\" \/>\n<meta property=\"og:site_name\" content=\"Gilroy Endodontics\" \/>\n<meta property=\"article:modified_time\" content=\"2020-11-04T16:55:11+00:00\" \/>\n<meta property=\"og:image\" content=\"https:\/\/www.gilroyendo.com\/wp-content\/uploads\/Emergency-sign.jpg\" \/>\n<meta name=\"twitter:card\" content=\"summary_large_image\" \/>\n<meta name=\"twitter:label1\" content=\"Tiempo de lectura\" \/>\n\t<meta name=\"twitter:data1\" content=\"4 minutos\" \/>\n<script type=\"application\/ld+json\" class=\"yoast-schema-graph\">{\"@context\":\"https:\/\/schema.org\",\"@graph\":[{\"@type\":\"WebPage\",\"@id\":\"https:\/\/www.gilroyendo.com\/endodontic-services\/dental-trauma\/\",\"url\":\"https:\/\/www.gilroyendo.com\/endodontic-services\/dental-trauma\/\",\"name\":\"Dental Trauma | Endodontic Services\",\"isPartOf\":{\"@id\":\"https:\/\/www.gilroyendo.com\/#website\"},\"primaryImageOfPage\":{\"@id\":\"https:\/\/www.gilroyendo.com\/endodontic-services\/dental-trauma\/#primaryimage\"},\"image\":{\"@id\":\"https:\/\/www.gilroyendo.com\/endodontic-services\/dental-trauma\/#primaryimage\"},\"thumbnailUrl\":\"https:\/\/www.gilroyendo.com\/wp-content\/uploads\/Emergency-sign.jpg\",\"datePublished\":\"2017-08-11T20:35:37+00:00\",\"dateModified\":\"2020-11-04T16:55:11+00:00\",\"description\":\"Dental trauma requires medical evaluation and treatment as injury to the teeth or mouth can cause teeth to be fractured, cracked, displaced, or lost.\",\"breadcrumb\":{\"@id\":\"https:\/\/www.gilroyendo.com\/endodontic-services\/dental-trauma\/#breadcrumb\"},\"inLanguage\":\"es\",\"potentialAction\":[{\"@type\":\"ReadAction\",\"target\":[\"https:\/\/www.gilroyendo.com\/endodontic-services\/dental-trauma\/\"]}]},{\"@type\":\"ImageObject\",\"inLanguage\":\"es\",\"@id\":\"https:\/\/www.gilroyendo.com\/endodontic-services\/dental-trauma\/#primaryimage\",\"url\":\"https:\/\/www.gilroyendo.com\/wp-content\/uploads\/Emergency-sign.jpg\",\"contentUrl\":\"https:\/\/www.gilroyendo.com\/wp-content\/uploads\/Emergency-sign.jpg\"},{\"@type\":\"BreadcrumbList\",\"@id\":\"https:\/\/www.gilroyendo.com\/endodontic-services\/dental-trauma\/#breadcrumb\",\"itemListElement\":[{\"@type\":\"ListItem\",\"position\":1,\"name\":\"Home\",\"item\":\"https:\/\/www.gilroyendo.com\/\"},{\"@type\":\"ListItem\",\"position\":2,\"name\":\"Endodontic Services\",\"item\":\"https:\/\/www.gilroyendo.com\/endodontic-services\/\"},{\"@type\":\"ListItem\",\"position\":3,\"name\":\"Dental Trauma\"}]},{\"@type\":\"WebSite\",\"@id\":\"https:\/\/www.gilroyendo.com\/#website\",\"url\":\"https:\/\/www.gilroyendo.com\/\",\"name\":\"Gilroy Endodontics\",\"description\":\"\",\"potentialAction\":[{\"@type\":\"SearchAction\",\"target\":{\"@type\":\"EntryPoint\",\"urlTemplate\":\"https:\/\/www.gilroyendo.com\/?s={search_term_string}\"},\"query-input\":{\"@type\":\"PropertyValueSpecification\",\"valueRequired\":true,\"valueName\":\"search_term_string\"}}],\"inLanguage\":\"es\"}]}<\/script>\n<!-- \/ Yoast SEO plugin. -->","yoast_head_json":{"title":"Traumatismos dentales | Servicios de endodoncia","description":"Los traumatismos dentales requieren evaluaci\u00f3n y tratamiento m\u00e9dico, ya que las lesiones en los dientes o la boca pueden provocar fracturas, fisuras, desplazamientos o la p\u00e9rdida de los dientes.","robots":{"index":"index","follow":"follow","max-snippet":"max-snippet:-1","max-image-preview":"max-image-preview:large","max-video-preview":"max-video-preview:-1"},"canonical":"https:\/\/www.gilroyendo.com\/es\/endodontic-services\/dental-trauma\/","og_locale":"es_MX","og_type":"article","og_title":"Dental Trauma | Endodontic Services","og_description":"Dental trauma requires medical evaluation and treatment as injury to the teeth or mouth can cause teeth to be fractured, cracked, displaced, or lost.","og_url":"https:\/\/www.gilroyendo.com\/es\/endodontic-services\/dental-trauma\/","og_site_name":"Gilroy Endodontics","article_modified_time":"2020-11-04T16:55:11+00:00","og_image":[{"url":"https:\/\/www.gilroyendo.com\/wp-content\/uploads\/Emergency-sign.jpg","type":"","width":"","height":""}],"twitter_card":"summary_large_image","twitter_misc":{"Tiempo de lectura":"4 minutos"},"schema":{"@context":"https:\/\/schema.org","@graph":[{"@type":"WebPage","@id":"https:\/\/www.gilroyendo.com\/endodontic-services\/dental-trauma\/","url":"https:\/\/www.gilroyendo.com\/endodontic-services\/dental-trauma\/","name":"Traumatismos dentales | Servicios de endodoncia","isPartOf":{"@id":"https:\/\/www.gilroyendo.com\/#website"},"primaryImageOfPage":{"@id":"https:\/\/www.gilroyendo.com\/endodontic-services\/dental-trauma\/#primaryimage"},"image":{"@id":"https:\/\/www.gilroyendo.com\/endodontic-services\/dental-trauma\/#primaryimage"},"thumbnailUrl":"https:\/\/www.gilroyendo.com\/wp-content\/uploads\/Emergency-sign.jpg","datePublished":"2017-08-11T20:35:37+00:00","dateModified":"2020-11-04T16:55:11+00:00","description":"Los traumatismos dentales requieren evaluaci\u00f3n y tratamiento m\u00e9dico, ya que las lesiones en los dientes o la boca pueden provocar fracturas, fisuras, desplazamientos o la p\u00e9rdida de los dientes.","breadcrumb":{"@id":"https:\/\/www.gilroyendo.com\/endodontic-services\/dental-trauma\/#breadcrumb"},"inLanguage":"es","potentialAction":[{"@type":"ReadAction","target":["https:\/\/www.gilroyendo.com\/endodontic-services\/dental-trauma\/"]}]},{"@type":"ImageObject","inLanguage":"es","@id":"https:\/\/www.gilroyendo.com\/endodontic-services\/dental-trauma\/#primaryimage","url":"https:\/\/www.gilroyendo.com\/wp-content\/uploads\/Emergency-sign.jpg","contentUrl":"https:\/\/www.gilroyendo.com\/wp-content\/uploads\/Emergency-sign.jpg"},{"@type":"BreadcrumbList","@id":"https:\/\/www.gilroyendo.com\/endodontic-services\/dental-trauma\/#breadcrumb","itemListElement":[{"@type":"ListItem","position":1,"name":"Home","item":"https:\/\/www.gilroyendo.com\/"},{"@type":"ListItem","position":2,"name":"Endodontic Services","item":"https:\/\/www.gilroyendo.com\/endodontic-services\/"},{"@type":"ListItem","position":3,"name":"Dental Trauma"}]},{"@type":"WebSite","@id":"https:\/\/www.gilroyendo.com\/#website","url":"https:\/\/www.gilroyendo.com\/","name":"Endodoncia Gilroy","description":"","potentialAction":[{"@type":"SearchAction","target":{"@type":"EntryPoint","urlTemplate":"https:\/\/www.gilroyendo.com\/?s={search_term_string}"},"query-input":{"@type":"PropertyValueSpecification","valueRequired":true,"valueName":"search_term_string"}}],"inLanguage":"es"}]}},"_links":{"self":[{"href":"https:\/\/www.gilroyendo.com\/es\/wp-json\/wp\/v2\/pages\/3546","targetHints":{"allow":["GET"]}}],"collection":[{"href":"https:\/\/www.gilroyendo.com\/es\/wp-json\/wp\/v2\/pages"}],"about":[{"href":"https:\/\/www.gilroyendo.com\/es\/wp-json\/wp\/v2\/types\/page"}],"author":[{"embeddable":true,"href":"https:\/\/www.gilroyendo.com\/es\/wp-json\/wp\/v2\/users\/19"}],"replies":[{"embeddable":true,"href":"https:\/\/www.gilroyendo.com\/es\/wp-json\/wp\/v2\/comments?post=3546"}],"version-history":[{"count":2,"href":"https:\/\/www.gilroyendo.com\/es\/wp-json\/wp\/v2\/pages\/3546\/revisions"}],"predecessor-version":[{"id":7586,"href":"https:\/\/www.gilroyendo.com\/es\/wp-json\/wp\/v2\/pages\/3546\/revisions\/7586"}],"up":[{"embeddable":true,"href":"https:\/\/www.gilroyendo.com\/es\/wp-json\/wp\/v2\/pages\/370"}],"wp:attachment":[{"href":"https:\/\/www.gilroyendo.com\/es\/wp-json\/wp\/v2\/media?parent=3546"}],"curies":[{"name":"wp","href":"https:\/\/api.w.org\/{rel}","templated":true}]}}