{"id":370,"date":"2015-06-29T21:48:30","date_gmt":"2015-06-30T01:48:30","guid":{"rendered":"https:\/\/www.gilroyendo.com\/?page_id=370"},"modified":"2020-11-04T11:24:19","modified_gmt":"2020-11-04T16:24:19","slug":"endodontic-services","status":"publish","type":"page","link":"https:\/\/www.gilroyendo.com\/es\/endodontic-services\/","title":{"rendered":"Servicios de endodoncia"},"content":{"rendered":"<div id=\"cs-content\" class=\"cs-content\"><\/div>","protected":false},"excerpt":{"rendered":"<p>INICIOServicios de endodonciaTratamiento de conductosCirug\u00eda endod\u00f3ncica (apical)Retratamiento endod\u00f3ncicoPulpotom\u00edaDientes agrietadosTraumatismos dentalesImplantes dentalesINICIOINICIO \/\/ \/\/ No es necesario agregar etiquetas de script \/\/ aqu\u00ed; \u00a1simplemente comience \/\/ escribiendo JavaScript! \/\/ Recuerde guardar sus \/\/ cambios en \u2026 <\/p>\n<div><a href=\"https:\/\/www.gilroyendo.com\/es\/endodontic-services\/\" class=\"more-link\">Lee mas<\/a><\/div>","protected":false},"author":19,"featured_media":0,"parent":0,"menu_order":0,"comment_status":"closed","ping_status":"closed","template":"template-blank-4.php","meta":{"footnotes":""},"class_list":["post-370","page","type-page","status-publish","hentry","no-post-thumbnail"],"yoast_head":"<!-- This site is optimized with the Yoast SEO plugin v25.6 - https:\/\/yoast.com\/wordpress\/plugins\/seo\/ -->\n<title>Endodontic Services<\/title>\n<meta name=\"description\" content=\"Endodontics, the field of dentistry that deals with the interior of the teeth, is the treatment of the pulp and surrounding tissues of a tooth.\u00a0\" \/>\n<meta name=\"robots\" content=\"index, follow, max-snippet:-1, max-image-preview:large, max-video-preview:-1\" \/>\n<link rel=\"canonical\" href=\"https:\/\/www.gilroyendo.com\/es\/endodontic-services\/\" \/>\n<meta property=\"og:locale\" content=\"es_MX\" \/>\n<meta property=\"og:type\" content=\"article\" \/>\n<meta property=\"og:title\" content=\"Endodontic Services\" \/>\n<meta property=\"og:description\" content=\"Endodontics, the field of dentistry that deals with the interior of the teeth, is the treatment of the pulp and surrounding tissues of a tooth.\u00a0\" \/>\n<meta property=\"og:url\" content=\"https:\/\/www.gilroyendo.com\/es\/endodontic-services\/\" \/>\n<meta property=\"og:site_name\" content=\"Gilroy Endodontics\" \/>\n<meta property=\"article:modified_time\" content=\"2020-11-04T16:24:19+00:00\" \/>\n<meta property=\"og:image\" content=\"https:\/\/www.gilroyendo.com\/wp-content\/uploads\/services-photo.jpg\" \/>\n<meta name=\"twitter:card\" content=\"summary_large_image\" \/>\n<meta name=\"twitter:label1\" content=\"Tiempo de lectura\" \/>\n\t<meta name=\"twitter:data1\" content=\"3 minutos\" \/>\n<script type=\"application\/ld+json\" class=\"yoast-schema-graph\">{\"@context\":\"https:\/\/schema.org\",\"@graph\":[{\"@type\":\"WebPage\",\"@id\":\"https:\/\/www.gilroyendo.com\/endodontic-services\/\",\"url\":\"https:\/\/www.gilroyendo.com\/endodontic-services\/\",\"name\":\"Endodontic Services\",\"isPartOf\":{\"@id\":\"https:\/\/www.gilroyendo.com\/#website\"},\"primaryImageOfPage\":{\"@id\":\"https:\/\/www.gilroyendo.com\/endodontic-services\/#primaryimage\"},\"image\":{\"@id\":\"https:\/\/www.gilroyendo.com\/endodontic-services\/#primaryimage\"},\"thumbnailUrl\":\"https:\/\/www.gilroyendo.com\/wp-content\/uploads\/services-photo.jpg\",\"datePublished\":\"2015-06-30T01:48:30+00:00\",\"dateModified\":\"2020-11-04T16:24:19+00:00\",\"description\":\"Endodontics, the field of dentistry that deals with the interior of the teeth, is the treatment of the pulp and surrounding tissues of a tooth.\u00a0\",\"breadcrumb\":{\"@id\":\"https:\/\/www.gilroyendo.com\/endodontic-services\/#breadcrumb\"},\"inLanguage\":\"es\",\"potentialAction\":[{\"@type\":\"ReadAction\",\"target\":[\"https:\/\/www.gilroyendo.com\/endodontic-services\/\"]}]},{\"@type\":\"ImageObject\",\"inLanguage\":\"es\",\"@id\":\"https:\/\/www.gilroyendo.com\/endodontic-services\/#primaryimage\",\"url\":\"https:\/\/www.gilroyendo.com\/wp-content\/uploads\/services-photo.jpg\",\"contentUrl\":\"https:\/\/www.gilroyendo.com\/wp-content\/uploads\/services-photo.jpg\"},{\"@type\":\"BreadcrumbList\",\"@id\":\"https:\/\/www.gilroyendo.com\/endodontic-services\/#breadcrumb\",\"itemListElement\":[{\"@type\":\"ListItem\",\"position\":1,\"name\":\"Home\",\"item\":\"https:\/\/www.gilroyendo.com\/\"},{\"@type\":\"ListItem\",\"position\":2,\"name\":\"Endodontic Services\"}]},{\"@type\":\"WebSite\",\"@id\":\"https:\/\/www.gilroyendo.com\/#website\",\"url\":\"https:\/\/www.gilroyendo.com\/\",\"name\":\"Gilroy Endodontics\",\"description\":\"\",\"potentialAction\":[{\"@type\":\"SearchAction\",\"target\":{\"@type\":\"EntryPoint\",\"urlTemplate\":\"https:\/\/www.gilroyendo.com\/?s={search_term_string}\"},\"query-input\":{\"@type\":\"PropertyValueSpecification\",\"valueRequired\":true,\"valueName\":\"search_term_string\"}}],\"inLanguage\":\"es\"}]}<\/script>\n<!-- \/ Yoast SEO plugin. -->","yoast_head_json":{"title":"Servicios de endodoncia","description":"Endodontics, the field of dentistry that deals with the interior of the teeth, is the treatment of the pulp and surrounding tissues of a tooth.\u00a0","robots":{"index":"index","follow":"follow","max-snippet":"max-snippet:-1","max-image-preview":"max-image-preview:large","max-video-preview":"max-video-preview:-1"},"canonical":"https:\/\/www.gilroyendo.com\/es\/endodontic-services\/","og_locale":"es_MX","og_type":"article","og_title":"Endodontic Services","og_description":"Endodontics, the field of dentistry that deals with the interior of the teeth, is the treatment of the pulp and surrounding tissues of a tooth.\u00a0","og_url":"https:\/\/www.gilroyendo.com\/es\/endodontic-services\/","og_site_name":"Gilroy Endodontics","article_modified_time":"2020-11-04T16:24:19+00:00","og_image":[{"url":"https:\/\/www.gilroyendo.com\/wp-content\/uploads\/services-photo.jpg","type":"","width":"","height":""}],"twitter_card":"summary_large_image","twitter_misc":{"Tiempo de lectura":"3 minutos"},"schema":{"@context":"https:\/\/schema.org","@graph":[{"@type":"WebPage","@id":"https:\/\/www.gilroyendo.com\/endodontic-services\/","url":"https:\/\/www.gilroyendo.com\/endodontic-services\/","name":"Servicios de endodoncia","isPartOf":{"@id":"https:\/\/www.gilroyendo.com\/#website"},"primaryImageOfPage":{"@id":"https:\/\/www.gilroyendo.com\/endodontic-services\/#primaryimage"},"image":{"@id":"https:\/\/www.gilroyendo.com\/endodontic-services\/#primaryimage"},"thumbnailUrl":"https:\/\/www.gilroyendo.com\/wp-content\/uploads\/services-photo.jpg","datePublished":"2015-06-30T01:48:30+00:00","dateModified":"2020-11-04T16:24:19+00:00","description":"Endodontics, the field of dentistry that deals with the interior of the teeth, is the treatment of the pulp and surrounding tissues of a tooth.\u00a0","breadcrumb":{"@id":"https:\/\/www.gilroyendo.com\/endodontic-services\/#breadcrumb"},"inLanguage":"es","potentialAction":[{"@type":"ReadAction","target":["https:\/\/www.gilroyendo.com\/endodontic-services\/"]}]},{"@type":"ImageObject","inLanguage":"es","@id":"https:\/\/www.gilroyendo.com\/endodontic-services\/#primaryimage","url":"https:\/\/www.gilroyendo.com\/wp-content\/uploads\/services-photo.jpg","contentUrl":"https:\/\/www.gilroyendo.com\/wp-content\/uploads\/services-photo.jpg"},{"@type":"BreadcrumbList","@id":"https:\/\/www.gilroyendo.com\/endodontic-services\/#breadcrumb","itemListElement":[{"@type":"ListItem","position":1,"name":"Home","item":"https:\/\/www.gilroyendo.com\/"},{"@type":"ListItem","position":2,"name":"Endodontic Services"}]},{"@type":"WebSite","@id":"https:\/\/www.gilroyendo.com\/#website","url":"https:\/\/www.gilroyendo.com\/","name":"Endodoncia Gilroy","description":"","potentialAction":[{"@type":"SearchAction","target":{"@type":"EntryPoint","urlTemplate":"https:\/\/www.gilroyendo.com\/?s={search_term_string}"},"query-input":{"@type":"PropertyValueSpecification","valueRequired":true,"valueName":"search_term_string"}}],"inLanguage":"es"}]}},"_links":{"self":[{"href":"https:\/\/www.gilroyendo.com\/es\/wp-json\/wp\/v2\/pages\/370","targetHints":{"allow":["GET"]}}],"collection":[{"href":"https:\/\/www.gilroyendo.com\/es\/wp-json\/wp\/v2\/pages"}],"about":[{"href":"https:\/\/www.gilroyendo.com\/es\/wp-json\/wp\/v2\/types\/page"}],"author":[{"embeddable":true,"href":"https:\/\/www.gilroyendo.com\/es\/wp-json\/wp\/v2\/users\/19"}],"replies":[{"embeddable":true,"href":"https:\/\/www.gilroyendo.com\/es\/wp-json\/wp\/v2\/comments?post=370"}],"version-history":[{"count":2,"href":"https:\/\/www.gilroyendo.com\/es\/wp-json\/wp\/v2\/pages\/370\/revisions"}],"predecessor-version":[{"id":7574,"href":"https:\/\/www.gilroyendo.com\/es\/wp-json\/wp\/v2\/pages\/370\/revisions\/7574"}],"wp:attachment":[{"href":"https:\/\/www.gilroyendo.com\/es\/wp-json\/wp\/v2\/media?parent=370"}],"curies":[{"name":"wp","href":"https:\/\/api.w.org\/{rel}","templated":true}]}}