{"id":48,"date":"2015-06-04T21:09:04","date_gmt":"2015-06-05T01:09:04","guid":{"rendered":"https:\/\/www.gilroyendo.com\/?page_id=48"},"modified":"2020-11-09T12:08:55","modified_gmt":"2020-11-09T17:08:55","slug":"meet-our-team","status":"publish","type":"page","link":"https:\/\/www.gilroyendo.com\/es\/meet-our-team\/","title":{"rendered":"Conozca a nuestro equipo"},"content":{"rendered":"<div id=\"cs-content\" class=\"cs-content\"><\/div>","protected":false},"excerpt":{"rendered":"<p>INICIOConozca a nuestro equipoServicio al cliente excepcionalNos comprometemos a brindar el mejor servicio personalizado e instalaciones a nuestros pacientes, quienes siempre disfrutar\u00e1n de un entorno c\u00e1lido, relajado y c\u00f3modo. Nuestro equipo amable, profesional y experimentado lo atender\u00e1 \u2026 <\/p>\n<div><a href=\"https:\/\/www.gilroyendo.com\/es\/meet-our-team\/\" class=\"more-link\">Lee mas<\/a><\/div>","protected":false},"author":19,"featured_media":0,"parent":0,"menu_order":0,"comment_status":"closed","ping_status":"closed","template":"template-blank-4.php","meta":{"footnotes":""},"class_list":["post-48","page","type-page","status-publish","hentry","no-post-thumbnail"],"yoast_head":"<!-- This site is optimized with the Yoast SEO plugin v25.6 - https:\/\/yoast.com\/wordpress\/plugins\/seo\/ -->\n<title>Meet Our Team<\/title>\n<meta name=\"description\" content=\"Meet our great team of professionals.\" \/>\n<meta name=\"robots\" content=\"index, follow, max-snippet:-1, max-image-preview:large, max-video-preview:-1\" \/>\n<link rel=\"canonical\" href=\"https:\/\/www.gilroyendo.com\/es\/meet-our-team\/\" \/>\n<meta property=\"og:locale\" content=\"es_MX\" \/>\n<meta property=\"og:type\" content=\"article\" \/>\n<meta property=\"og:title\" content=\"Meet Our Team\" \/>\n<meta property=\"og:description\" content=\"Meet our great team of professionals.\" \/>\n<meta property=\"og:url\" content=\"https:\/\/www.gilroyendo.com\/es\/meet-our-team\/\" \/>\n<meta property=\"og:site_name\" content=\"Gilroy Endodontics\" \/>\n<meta property=\"article:modified_time\" content=\"2020-11-09T17:08:55+00:00\" \/>\n<meta property=\"og:image\" content=\"https:\/\/www.gilroyendo.com\/wp-content\/uploads\/maricela-photo.jpg\" \/>\n<meta name=\"twitter:card\" content=\"summary_large_image\" \/>\n<meta name=\"twitter:label1\" content=\"Tiempo de lectura\" \/>\n\t<meta name=\"twitter:data1\" content=\"4 minutos\" \/>\n<script type=\"application\/ld+json\" class=\"yoast-schema-graph\">{\"@context\":\"https:\/\/schema.org\",\"@graph\":[{\"@type\":\"WebPage\",\"@id\":\"https:\/\/www.gilroyendo.com\/meet-our-team\/\",\"url\":\"https:\/\/www.gilroyendo.com\/meet-our-team\/\",\"name\":\"Meet Our Team\",\"isPartOf\":{\"@id\":\"https:\/\/www.gilroyendo.com\/#website\"},\"primaryImageOfPage\":{\"@id\":\"https:\/\/www.gilroyendo.com\/meet-our-team\/#primaryimage\"},\"image\":{\"@id\":\"https:\/\/www.gilroyendo.com\/meet-our-team\/#primaryimage\"},\"thumbnailUrl\":\"https:\/\/www.gilroyendo.com\/wp-content\/uploads\/maricela-photo.jpg\",\"datePublished\":\"2015-06-05T01:09:04+00:00\",\"dateModified\":\"2020-11-09T17:08:55+00:00\",\"description\":\"Meet our great team of professionals.\",\"breadcrumb\":{\"@id\":\"https:\/\/www.gilroyendo.com\/meet-our-team\/#breadcrumb\"},\"inLanguage\":\"es\",\"potentialAction\":[{\"@type\":\"ReadAction\",\"target\":[\"https:\/\/www.gilroyendo.com\/meet-our-team\/\"]}]},{\"@type\":\"ImageObject\",\"inLanguage\":\"es\",\"@id\":\"https:\/\/www.gilroyendo.com\/meet-our-team\/#primaryimage\",\"url\":\"https:\/\/www.gilroyendo.com\/wp-content\/uploads\/maricela-photo.jpg\",\"contentUrl\":\"https:\/\/www.gilroyendo.com\/wp-content\/uploads\/maricela-photo.jpg\"},{\"@type\":\"BreadcrumbList\",\"@id\":\"https:\/\/www.gilroyendo.com\/meet-our-team\/#breadcrumb\",\"itemListElement\":[{\"@type\":\"ListItem\",\"position\":1,\"name\":\"Home\",\"item\":\"https:\/\/www.gilroyendo.com\/\"},{\"@type\":\"ListItem\",\"position\":2,\"name\":\"Meet Our Team\"}]},{\"@type\":\"WebSite\",\"@id\":\"https:\/\/www.gilroyendo.com\/#website\",\"url\":\"https:\/\/www.gilroyendo.com\/\",\"name\":\"Gilroy Endodontics\",\"description\":\"\",\"potentialAction\":[{\"@type\":\"SearchAction\",\"target\":{\"@type\":\"EntryPoint\",\"urlTemplate\":\"https:\/\/www.gilroyendo.com\/?s={search_term_string}\"},\"query-input\":{\"@type\":\"PropertyValueSpecification\",\"valueRequired\":true,\"valueName\":\"search_term_string\"}}],\"inLanguage\":\"es\"}]}<\/script>\n<!-- \/ Yoast SEO plugin. -->","yoast_head_json":{"title":"Conozca a nuestro equipo","description":"Meet our great team of professionals.","robots":{"index":"index","follow":"follow","max-snippet":"max-snippet:-1","max-image-preview":"max-image-preview:large","max-video-preview":"max-video-preview:-1"},"canonical":"https:\/\/www.gilroyendo.com\/es\/meet-our-team\/","og_locale":"es_MX","og_type":"article","og_title":"Meet Our Team","og_description":"Meet our great team of professionals.","og_url":"https:\/\/www.gilroyendo.com\/es\/meet-our-team\/","og_site_name":"Gilroy Endodontics","article_modified_time":"2020-11-09T17:08:55+00:00","og_image":[{"url":"https:\/\/www.gilroyendo.com\/wp-content\/uploads\/maricela-photo.jpg","type":"","width":"","height":""}],"twitter_card":"summary_large_image","twitter_misc":{"Tiempo de lectura":"4 minutos"},"schema":{"@context":"https:\/\/schema.org","@graph":[{"@type":"WebPage","@id":"https:\/\/www.gilroyendo.com\/meet-our-team\/","url":"https:\/\/www.gilroyendo.com\/meet-our-team\/","name":"Conozca a nuestro equipo","isPartOf":{"@id":"https:\/\/www.gilroyendo.com\/#website"},"primaryImageOfPage":{"@id":"https:\/\/www.gilroyendo.com\/meet-our-team\/#primaryimage"},"image":{"@id":"https:\/\/www.gilroyendo.com\/meet-our-team\/#primaryimage"},"thumbnailUrl":"https:\/\/www.gilroyendo.com\/wp-content\/uploads\/maricela-photo.jpg","datePublished":"2015-06-05T01:09:04+00:00","dateModified":"2020-11-09T17:08:55+00:00","description":"Meet our great team of professionals.","breadcrumb":{"@id":"https:\/\/www.gilroyendo.com\/meet-our-team\/#breadcrumb"},"inLanguage":"es","potentialAction":[{"@type":"ReadAction","target":["https:\/\/www.gilroyendo.com\/meet-our-team\/"]}]},{"@type":"ImageObject","inLanguage":"es","@id":"https:\/\/www.gilroyendo.com\/meet-our-team\/#primaryimage","url":"https:\/\/www.gilroyendo.com\/wp-content\/uploads\/maricela-photo.jpg","contentUrl":"https:\/\/www.gilroyendo.com\/wp-content\/uploads\/maricela-photo.jpg"},{"@type":"BreadcrumbList","@id":"https:\/\/www.gilroyendo.com\/meet-our-team\/#breadcrumb","itemListElement":[{"@type":"ListItem","position":1,"name":"Home","item":"https:\/\/www.gilroyendo.com\/"},{"@type":"ListItem","position":2,"name":"Meet Our Team"}]},{"@type":"WebSite","@id":"https:\/\/www.gilroyendo.com\/#website","url":"https:\/\/www.gilroyendo.com\/","name":"Endodoncia Gilroy","description":"","potentialAction":[{"@type":"SearchAction","target":{"@type":"EntryPoint","urlTemplate":"https:\/\/www.gilroyendo.com\/?s={search_term_string}"},"query-input":{"@type":"PropertyValueSpecification","valueRequired":true,"valueName":"search_term_string"}}],"inLanguage":"es"}]}},"_links":{"self":[{"href":"https:\/\/www.gilroyendo.com\/es\/wp-json\/wp\/v2\/pages\/48","targetHints":{"allow":["GET"]}}],"collection":[{"href":"https:\/\/www.gilroyendo.com\/es\/wp-json\/wp\/v2\/pages"}],"about":[{"href":"https:\/\/www.gilroyendo.com\/es\/wp-json\/wp\/v2\/types\/page"}],"author":[{"embeddable":true,"href":"https:\/\/www.gilroyendo.com\/es\/wp-json\/wp\/v2\/users\/19"}],"replies":[{"embeddable":true,"href":"https:\/\/www.gilroyendo.com\/es\/wp-json\/wp\/v2\/comments?post=48"}],"version-history":[{"count":2,"href":"https:\/\/www.gilroyendo.com\/es\/wp-json\/wp\/v2\/pages\/48\/revisions"}],"predecessor-version":[{"id":7651,"href":"https:\/\/www.gilroyendo.com\/es\/wp-json\/wp\/v2\/pages\/48\/revisions\/7651"}],"wp:attachment":[{"href":"https:\/\/www.gilroyendo.com\/es\/wp-json\/wp\/v2\/media?parent=48"}],"curies":[{"name":"wp","href":"https:\/\/api.w.org\/{rel}","templated":true}]}}