{"id":80,"date":"2015-06-04T22:18:58","date_gmt":"2015-06-05T02:18:58","guid":{"rendered":"https:\/\/www.gilroyendo.com\/?page_id=80"},"modified":"2020-11-05T11:46:07","modified_gmt":"2020-11-05T16:46:07","slug":"policies","status":"publish","type":"page","link":"https:\/\/www.gilroyendo.com\/es\/policies\/","title":{"rendered":"Pol\u00edticas"},"content":{"rendered":"<div id=\"cs-content\" class=\"cs-content\"><\/div>","protected":false},"excerpt":{"rendered":"<p>INICIOPol\u00edticas de la pr\u00e1cticaPol\u00edticas financierasEl seguro dental es diferente del seguro m\u00e9dico. Muchos pacientes no est\u00e1n familiarizados con los detalles de los beneficios de su seguro dental. Sus beneficios dentales se basan en el acuerdo que su empleador negoci\u00f3 con su compa\u00f1\u00eda de seguros... <\/p>\n<div><a href=\"https:\/\/www.gilroyendo.com\/es\/policies\/\" class=\"more-link\">Lee mas<\/a><\/div>","protected":false},"author":19,"featured_media":0,"parent":0,"menu_order":0,"comment_status":"closed","ping_status":"closed","template":"template-blank-4.php","meta":{"footnotes":""},"class_list":["post-80","page","type-page","status-publish","hentry","no-post-thumbnail"],"yoast_head":"<!-- This site is optimized with the Yoast SEO plugin v25.6 - https:\/\/yoast.com\/wordpress\/plugins\/seo\/ -->\n<title>Office Policies<\/title>\n<meta name=\"description\" content=\"Learn more about our office policies, like late appointment and cancellation policies, as well as information regarding insurance.\" \/>\n<meta name=\"robots\" content=\"index, follow, max-snippet:-1, max-image-preview:large, max-video-preview:-1\" \/>\n<link rel=\"canonical\" href=\"https:\/\/www.gilroyendo.com\/es\/policies\/\" \/>\n<meta property=\"og:locale\" content=\"es_MX\" \/>\n<meta property=\"og:type\" content=\"article\" \/>\n<meta property=\"og:title\" content=\"Office Policies\" \/>\n<meta property=\"og:description\" content=\"Learn more about our office policies, like late appointment and cancellation policies, as well as information regarding insurance.\" \/>\n<meta property=\"og:url\" content=\"https:\/\/www.gilroyendo.com\/es\/policies\/\" \/>\n<meta property=\"og:site_name\" content=\"Gilroy Endodontics\" \/>\n<meta property=\"article:modified_time\" content=\"2020-11-05T16:46:07+00:00\" \/>\n<meta property=\"og:image\" content=\"https:\/\/www.gilroyendo.com\/wp-content\/uploads\/Policies-Image.jpg\" \/>\n<meta name=\"twitter:card\" content=\"summary_large_image\" \/>\n<meta name=\"twitter:label1\" content=\"Tiempo de lectura\" \/>\n\t<meta name=\"twitter:data1\" content=\"6 minutos\" \/>\n<script type=\"application\/ld+json\" class=\"yoast-schema-graph\">{\"@context\":\"https:\/\/schema.org\",\"@graph\":[{\"@type\":\"WebPage\",\"@id\":\"https:\/\/www.gilroyendo.com\/policies\/\",\"url\":\"https:\/\/www.gilroyendo.com\/policies\/\",\"name\":\"Office Policies\",\"isPartOf\":{\"@id\":\"https:\/\/www.gilroyendo.com\/#website\"},\"primaryImageOfPage\":{\"@id\":\"https:\/\/www.gilroyendo.com\/policies\/#primaryimage\"},\"image\":{\"@id\":\"https:\/\/www.gilroyendo.com\/policies\/#primaryimage\"},\"thumbnailUrl\":\"https:\/\/www.gilroyendo.com\/wp-content\/uploads\/Policies-Image.jpg\",\"datePublished\":\"2015-06-05T02:18:58+00:00\",\"dateModified\":\"2020-11-05T16:46:07+00:00\",\"description\":\"Learn more about our office policies, like late appointment and cancellation policies, as well as information regarding insurance.\",\"breadcrumb\":{\"@id\":\"https:\/\/www.gilroyendo.com\/policies\/#breadcrumb\"},\"inLanguage\":\"es\",\"potentialAction\":[{\"@type\":\"ReadAction\",\"target\":[\"https:\/\/www.gilroyendo.com\/policies\/\"]}]},{\"@type\":\"ImageObject\",\"inLanguage\":\"es\",\"@id\":\"https:\/\/www.gilroyendo.com\/policies\/#primaryimage\",\"url\":\"https:\/\/www.gilroyendo.com\/wp-content\/uploads\/Policies-Image.jpg\",\"contentUrl\":\"https:\/\/www.gilroyendo.com\/wp-content\/uploads\/Policies-Image.jpg\"},{\"@type\":\"BreadcrumbList\",\"@id\":\"https:\/\/www.gilroyendo.com\/policies\/#breadcrumb\",\"itemListElement\":[{\"@type\":\"ListItem\",\"position\":1,\"name\":\"Home\",\"item\":\"https:\/\/www.gilroyendo.com\/\"},{\"@type\":\"ListItem\",\"position\":2,\"name\":\"Policies\"}]},{\"@type\":\"WebSite\",\"@id\":\"https:\/\/www.gilroyendo.com\/#website\",\"url\":\"https:\/\/www.gilroyendo.com\/\",\"name\":\"Gilroy Endodontics\",\"description\":\"\",\"potentialAction\":[{\"@type\":\"SearchAction\",\"target\":{\"@type\":\"EntryPoint\",\"urlTemplate\":\"https:\/\/www.gilroyendo.com\/?s={search_term_string}\"},\"query-input\":{\"@type\":\"PropertyValueSpecification\",\"valueRequired\":true,\"valueName\":\"search_term_string\"}}],\"inLanguage\":\"es\"}]}<\/script>\n<!-- \/ Yoast SEO plugin. -->","yoast_head_json":{"title":"Office Policies","description":"Learn more about our office policies, like late appointment and cancellation policies, as well as information regarding insurance.","robots":{"index":"index","follow":"follow","max-snippet":"max-snippet:-1","max-image-preview":"max-image-preview:large","max-video-preview":"max-video-preview:-1"},"canonical":"https:\/\/www.gilroyendo.com\/es\/policies\/","og_locale":"es_MX","og_type":"article","og_title":"Office Policies","og_description":"Learn more about our office policies, like late appointment and cancellation policies, as well as information regarding insurance.","og_url":"https:\/\/www.gilroyendo.com\/es\/policies\/","og_site_name":"Gilroy Endodontics","article_modified_time":"2020-11-05T16:46:07+00:00","og_image":[{"url":"https:\/\/www.gilroyendo.com\/wp-content\/uploads\/Policies-Image.jpg","type":"","width":"","height":""}],"twitter_card":"summary_large_image","twitter_misc":{"Tiempo de lectura":"6 minutos"},"schema":{"@context":"https:\/\/schema.org","@graph":[{"@type":"WebPage","@id":"https:\/\/www.gilroyendo.com\/policies\/","url":"https:\/\/www.gilroyendo.com\/policies\/","name":"Office Policies","isPartOf":{"@id":"https:\/\/www.gilroyendo.com\/#website"},"primaryImageOfPage":{"@id":"https:\/\/www.gilroyendo.com\/policies\/#primaryimage"},"image":{"@id":"https:\/\/www.gilroyendo.com\/policies\/#primaryimage"},"thumbnailUrl":"https:\/\/www.gilroyendo.com\/wp-content\/uploads\/Policies-Image.jpg","datePublished":"2015-06-05T02:18:58+00:00","dateModified":"2020-11-05T16:46:07+00:00","description":"Learn more about our office policies, like late appointment and cancellation policies, as well as information regarding insurance.","breadcrumb":{"@id":"https:\/\/www.gilroyendo.com\/policies\/#breadcrumb"},"inLanguage":"es","potentialAction":[{"@type":"ReadAction","target":["https:\/\/www.gilroyendo.com\/policies\/"]}]},{"@type":"ImageObject","inLanguage":"es","@id":"https:\/\/www.gilroyendo.com\/policies\/#primaryimage","url":"https:\/\/www.gilroyendo.com\/wp-content\/uploads\/Policies-Image.jpg","contentUrl":"https:\/\/www.gilroyendo.com\/wp-content\/uploads\/Policies-Image.jpg"},{"@type":"BreadcrumbList","@id":"https:\/\/www.gilroyendo.com\/policies\/#breadcrumb","itemListElement":[{"@type":"ListItem","position":1,"name":"Home","item":"https:\/\/www.gilroyendo.com\/"},{"@type":"ListItem","position":2,"name":"Policies"}]},{"@type":"WebSite","@id":"https:\/\/www.gilroyendo.com\/#website","url":"https:\/\/www.gilroyendo.com\/","name":"Endodoncia Gilroy","description":"","potentialAction":[{"@type":"SearchAction","target":{"@type":"EntryPoint","urlTemplate":"https:\/\/www.gilroyendo.com\/?s={search_term_string}"},"query-input":{"@type":"PropertyValueSpecification","valueRequired":true,"valueName":"search_term_string"}}],"inLanguage":"es"}]}},"_links":{"self":[{"href":"https:\/\/www.gilroyendo.com\/es\/wp-json\/wp\/v2\/pages\/80","targetHints":{"allow":["GET"]}}],"collection":[{"href":"https:\/\/www.gilroyendo.com\/es\/wp-json\/wp\/v2\/pages"}],"about":[{"href":"https:\/\/www.gilroyendo.com\/es\/wp-json\/wp\/v2\/types\/page"}],"author":[{"embeddable":true,"href":"https:\/\/www.gilroyendo.com\/es\/wp-json\/wp\/v2\/users\/19"}],"replies":[{"embeddable":true,"href":"https:\/\/www.gilroyendo.com\/es\/wp-json\/wp\/v2\/comments?post=80"}],"version-history":[{"count":2,"href":"https:\/\/www.gilroyendo.com\/es\/wp-json\/wp\/v2\/pages\/80\/revisions"}],"predecessor-version":[{"id":7592,"href":"https:\/\/www.gilroyendo.com\/es\/wp-json\/wp\/v2\/pages\/80\/revisions\/7592"}],"wp:attachment":[{"href":"https:\/\/www.gilroyendo.com\/es\/wp-json\/wp\/v2\/media?parent=80"}],"curies":[{"name":"wp","href":"https:\/\/api.w.org\/{rel}","templated":true}]}}