{"id":824,"date":"2015-12-09T22:32:36","date_gmt":"2015-12-10T03:32:36","guid":{"rendered":"https:\/\/www.gilroyendo.com\/?page_id=824"},"modified":"2020-11-10T15:31:36","modified_gmt":"2020-11-10T20:31:36","slug":"first-visit","status":"publish","type":"page","link":"https:\/\/www.gilroyendo.com\/es\/first-visit\/","title":{"rendered":"Primera visita"},"content":{"rendered":"<div id=\"cs-content\" class=\"cs-content\"><\/div>","protected":false},"excerpt":{"rendered":"<p>INICIOPrimera visitaSiempre nos entusiasma conocer nuevos pacientes. Nuestro objetivo es que se sienta lo m\u00e1s c\u00f3modo posible. Llegue unos minutos antes para tener tiempo de completar el cuestionario de salud m\u00e9dica\/dental, \u2026 <\/p>\n<div><a href=\"https:\/\/www.gilroyendo.com\/es\/first-visit\/\" class=\"more-link\">Lee mas<\/a><\/div>","protected":false},"author":19,"featured_media":0,"parent":0,"menu_order":0,"comment_status":"closed","ping_status":"closed","template":"template-blank-4.php","meta":{"footnotes":""},"class_list":["post-824","page","type-page","status-publish","hentry","no-post-thumbnail"],"yoast_head":"<!-- This site is optimized with the Yoast SEO plugin v25.6 - https:\/\/yoast.com\/wordpress\/plugins\/seo\/ -->\n<title>What To Expect<\/title>\n<meta name=\"description\" content=\"Learn what to expect when visiting our office for the first time.\" \/>\n<meta name=\"robots\" content=\"index, follow, max-snippet:-1, max-image-preview:large, max-video-preview:-1\" \/>\n<link rel=\"canonical\" href=\"https:\/\/www.gilroyendo.com\/es\/first-visit\/\" \/>\n<meta property=\"og:locale\" content=\"es_MX\" \/>\n<meta property=\"og:type\" content=\"article\" \/>\n<meta property=\"og:title\" content=\"What To Expect\" \/>\n<meta property=\"og:description\" content=\"Learn what to expect when visiting our office for the first time.\" \/>\n<meta property=\"og:url\" content=\"https:\/\/www.gilroyendo.com\/es\/first-visit\/\" \/>\n<meta property=\"og:site_name\" content=\"Gilroy Endodontics\" \/>\n<meta property=\"article:modified_time\" content=\"2020-11-10T20:31:36+00:00\" \/>\n<meta property=\"og:image\" content=\"https:\/\/www.gilroyendo.com\/wp-content\/uploads\/waiting-room-2.jpg\" \/>\n<meta name=\"twitter:card\" content=\"summary_large_image\" \/>\n<meta name=\"twitter:label1\" content=\"Tiempo de lectura\" \/>\n\t<meta name=\"twitter:data1\" content=\"7 minutos\" \/>\n<script type=\"application\/ld+json\" class=\"yoast-schema-graph\">{\"@context\":\"https:\/\/schema.org\",\"@graph\":[{\"@type\":\"WebPage\",\"@id\":\"https:\/\/www.gilroyendo.com\/first-visit\/\",\"url\":\"https:\/\/www.gilroyendo.com\/first-visit\/\",\"name\":\"What To Expect\",\"isPartOf\":{\"@id\":\"https:\/\/www.gilroyendo.com\/#website\"},\"primaryImageOfPage\":{\"@id\":\"https:\/\/www.gilroyendo.com\/first-visit\/#primaryimage\"},\"image\":{\"@id\":\"https:\/\/www.gilroyendo.com\/first-visit\/#primaryimage\"},\"thumbnailUrl\":\"https:\/\/www.gilroyendo.com\/wp-content\/uploads\/waiting-room-2.jpg\",\"datePublished\":\"2015-12-10T03:32:36+00:00\",\"dateModified\":\"2020-11-10T20:31:36+00:00\",\"description\":\"Learn what to expect when visiting our office for the first time.\",\"breadcrumb\":{\"@id\":\"https:\/\/www.gilroyendo.com\/first-visit\/#breadcrumb\"},\"inLanguage\":\"es\",\"potentialAction\":[{\"@type\":\"ReadAction\",\"target\":[\"https:\/\/www.gilroyendo.com\/first-visit\/\"]}]},{\"@type\":\"ImageObject\",\"inLanguage\":\"es\",\"@id\":\"https:\/\/www.gilroyendo.com\/first-visit\/#primaryimage\",\"url\":\"https:\/\/www.gilroyendo.com\/wp-content\/uploads\/waiting-room-2.jpg\",\"contentUrl\":\"https:\/\/www.gilroyendo.com\/wp-content\/uploads\/waiting-room-2.jpg\"},{\"@type\":\"BreadcrumbList\",\"@id\":\"https:\/\/www.gilroyendo.com\/first-visit\/#breadcrumb\",\"itemListElement\":[{\"@type\":\"ListItem\",\"position\":1,\"name\":\"Home\",\"item\":\"https:\/\/www.gilroyendo.com\/\"},{\"@type\":\"ListItem\",\"position\":2,\"name\":\"First Visit\"}]},{\"@type\":\"WebSite\",\"@id\":\"https:\/\/www.gilroyendo.com\/#website\",\"url\":\"https:\/\/www.gilroyendo.com\/\",\"name\":\"Gilroy Endodontics\",\"description\":\"\",\"potentialAction\":[{\"@type\":\"SearchAction\",\"target\":{\"@type\":\"EntryPoint\",\"urlTemplate\":\"https:\/\/www.gilroyendo.com\/?s={search_term_string}\"},\"query-input\":{\"@type\":\"PropertyValueSpecification\",\"valueRequired\":true,\"valueName\":\"search_term_string\"}}],\"inLanguage\":\"es\"}]}<\/script>\n<!-- \/ Yoast SEO plugin. -->","yoast_head_json":{"title":"Que esperar","description":"Inf\u00f3rmese sobre qu\u00e9 esperar al visitar nuestra oficina por primera vez.","robots":{"index":"index","follow":"follow","max-snippet":"max-snippet:-1","max-image-preview":"max-image-preview:large","max-video-preview":"max-video-preview:-1"},"canonical":"https:\/\/www.gilroyendo.com\/es\/first-visit\/","og_locale":"es_MX","og_type":"article","og_title":"What To Expect","og_description":"Learn what to expect when visiting our office for the first time.","og_url":"https:\/\/www.gilroyendo.com\/es\/first-visit\/","og_site_name":"Gilroy Endodontics","article_modified_time":"2020-11-10T20:31:36+00:00","og_image":[{"url":"https:\/\/www.gilroyendo.com\/wp-content\/uploads\/waiting-room-2.jpg","type":"","width":"","height":""}],"twitter_card":"summary_large_image","twitter_misc":{"Tiempo de lectura":"7 minutos"},"schema":{"@context":"https:\/\/schema.org","@graph":[{"@type":"WebPage","@id":"https:\/\/www.gilroyendo.com\/first-visit\/","url":"https:\/\/www.gilroyendo.com\/first-visit\/","name":"Que esperar","isPartOf":{"@id":"https:\/\/www.gilroyendo.com\/#website"},"primaryImageOfPage":{"@id":"https:\/\/www.gilroyendo.com\/first-visit\/#primaryimage"},"image":{"@id":"https:\/\/www.gilroyendo.com\/first-visit\/#primaryimage"},"thumbnailUrl":"https:\/\/www.gilroyendo.com\/wp-content\/uploads\/waiting-room-2.jpg","datePublished":"2015-12-10T03:32:36+00:00","dateModified":"2020-11-10T20:31:36+00:00","description":"Inf\u00f3rmese sobre qu\u00e9 esperar al visitar nuestra oficina por primera vez.","breadcrumb":{"@id":"https:\/\/www.gilroyendo.com\/first-visit\/#breadcrumb"},"inLanguage":"es","potentialAction":[{"@type":"ReadAction","target":["https:\/\/www.gilroyendo.com\/first-visit\/"]}]},{"@type":"ImageObject","inLanguage":"es","@id":"https:\/\/www.gilroyendo.com\/first-visit\/#primaryimage","url":"https:\/\/www.gilroyendo.com\/wp-content\/uploads\/waiting-room-2.jpg","contentUrl":"https:\/\/www.gilroyendo.com\/wp-content\/uploads\/waiting-room-2.jpg"},{"@type":"BreadcrumbList","@id":"https:\/\/www.gilroyendo.com\/first-visit\/#breadcrumb","itemListElement":[{"@type":"ListItem","position":1,"name":"Home","item":"https:\/\/www.gilroyendo.com\/"},{"@type":"ListItem","position":2,"name":"First Visit"}]},{"@type":"WebSite","@id":"https:\/\/www.gilroyendo.com\/#website","url":"https:\/\/www.gilroyendo.com\/","name":"Endodoncia Gilroy","description":"","potentialAction":[{"@type":"SearchAction","target":{"@type":"EntryPoint","urlTemplate":"https:\/\/www.gilroyendo.com\/?s={search_term_string}"},"query-input":{"@type":"PropertyValueSpecification","valueRequired":true,"valueName":"search_term_string"}}],"inLanguage":"es"}]}},"_links":{"self":[{"href":"https:\/\/www.gilroyendo.com\/es\/wp-json\/wp\/v2\/pages\/824","targetHints":{"allow":["GET"]}}],"collection":[{"href":"https:\/\/www.gilroyendo.com\/es\/wp-json\/wp\/v2\/pages"}],"about":[{"href":"https:\/\/www.gilroyendo.com\/es\/wp-json\/wp\/v2\/types\/page"}],"author":[{"embeddable":true,"href":"https:\/\/www.gilroyendo.com\/es\/wp-json\/wp\/v2\/users\/19"}],"replies":[{"embeddable":true,"href":"https:\/\/www.gilroyendo.com\/es\/wp-json\/wp\/v2\/comments?post=824"}],"version-history":[{"count":2,"href":"https:\/\/www.gilroyendo.com\/es\/wp-json\/wp\/v2\/pages\/824\/revisions"}],"predecessor-version":[{"id":7653,"href":"https:\/\/www.gilroyendo.com\/es\/wp-json\/wp\/v2\/pages\/824\/revisions\/7653"}],"wp:attachment":[{"href":"https:\/\/www.gilroyendo.com\/es\/wp-json\/wp\/v2\/media?parent=824"}],"curies":[{"name":"wp","href":"https:\/\/api.w.org\/{rel}","templated":true}]}}